{"id":90,"date":"2026-02-02T14:52:40","date_gmt":"2026-02-02T13:52:40","guid":{"rendered":"https:\/\/komisskarbek.pl\/?post_type=product&#038;p=90"},"modified":"2026-03-29T18:00:54","modified_gmt":"2026-03-29T16:00:54","slug":"kocyk-z-podusia","status":"publish","type":"product","link":"https:\/\/komisskarbek.pl\/?product=kocyk-z-podusia","title":{"rendered":"Kocyk z podusi\u0105"},"content":{"rendered":"<p>Dwustronny kocyk dzieci\u0119cy i podusia-motylek MINKY. Z jednej strony wykonany z mi\u0119kkiego pluszu Minky, z drugiej bawe\u0142na z wzorem kwiat\u00f3w. Idealnie dopasowuje si\u0119 do g\u0142\u00f3wki dziecka zapewniaj\u0105c komfort i spokojny sen w w\u00f3zku lub foteliku samochodowym.<\/p>\n","protected":false},"excerpt":{"rendered":"<p>Dwustronny kocyk dzieci\u0119cy i podusia-motylek MINKY<\/p>\n","protected":false},"featured_media":92,"comment_status":"open","ping_status":"closed","template":"","meta":{"_acf_changed":false},"product_brand":[],"product_cat":[111,109],"product_tag":[],"class_list":{"0":"post-90","1":"product","2":"type-product","3":"status-publish","4":"has-post-thumbnail","6":"product_cat-akcesoria-dzieciece-niemowlece","7":"product_cat-swiat-dziecka","8":"pa_kolor-szary","10":"first","11":"instock","12":"shipping-taxable","13":"purchasable","14":"product-type-simple"},"acf":[],"_links":{"self":[{"href":"https:\/\/komisskarbek.pl\/index.php?rest_route=\/wp\/v2\/product\/90","targetHints":{"allow":["GET"]}}],"collection":[{"href":"https:\/\/komisskarbek.pl\/index.php?rest_route=\/wp\/v2\/product"}],"about":[{"href":"https:\/\/komisskarbek.pl\/index.php?rest_route=\/wp\/v2\/types\/product"}],"replies":[{"embeddable":true,"href":"https:\/\/komisskarbek.pl\/index.php?rest_route=%2Fwp%2Fv2%2Fcomments&post=90"}],"wp:featuredmedia":[{"embeddable":true,"href":"https:\/\/komisskarbek.pl\/index.php?rest_route=\/wp\/v2\/media\/92"}],"wp:attachment":[{"href":"https:\/\/komisskarbek.pl\/index.php?rest_route=%2Fwp%2Fv2%2Fmedia&parent=90"}],"wp:term":[{"taxonomy":"product_brand","embeddable":true,"href":"https:\/\/komisskarbek.pl\/index.php?rest_route=%2Fwp%2Fv2%2Fproduct_brand&post=90"},{"taxonomy":"product_cat","embeddable":true,"href":"https:\/\/komisskarbek.pl\/index.php?rest_route=%2Fwp%2Fv2%2Fproduct_cat&post=90"},{"taxonomy":"product_tag","embeddable":true,"href":"https:\/\/komisskarbek.pl\/index.php?rest_route=%2Fwp%2Fv2%2Fproduct_tag&post=90"}],"curies":[{"name":"wp","href":"https:\/\/api.w.org\/{rel}","templated":true}]}}