{"id":76,"date":"2026-02-02T14:26:24","date_gmt":"2026-02-02T13:26:24","guid":{"rendered":"https:\/\/komisskarbek.pl\/?post_type=product&#038;p=76"},"modified":"2026-03-29T17:56:08","modified_gmt":"2026-03-29T15:56:08","slug":"kurtka-calvin-klain","status":"publish","type":"product","link":"https:\/\/komisskarbek.pl\/?product=kurtka-calvin-klain","title":{"rendered":"Kurtka Calvin Klain"},"content":{"rendered":"<p>Kurtka zimowa z kapturem obszytym futerkiem, wodoodporna, wsp\u00f3\u0142czynnik ciep\u0142a do &#8211; 9,5 C, zasuwana na zamek, butelkowa ziele\u0144, bardzo lekka.<\/p>\n","protected":false},"excerpt":{"rendered":"<p>Kurtka zimowa z kapturem<\/p>\n","protected":false},"featured_media":77,"comment_status":"open","ping_status":"closed","template":"","meta":{"_acf_changed":false},"product_brand":[],"product_cat":[94,98],"product_tag":[],"class_list":{"0":"post-76","1":"product","2":"type-product","3":"status-publish","4":"has-post-thumbnail","6":"product_cat-kobieta-dziewczynka","7":"product_cat-kurtki","8":"pa_kolor-butelkowa-zielen","10":"first","11":"instock","12":"shipping-taxable","13":"purchasable","14":"product-type-simple"},"acf":[],"_links":{"self":[{"href":"https:\/\/komisskarbek.pl\/index.php?rest_route=\/wp\/v2\/product\/76","targetHints":{"allow":["GET"]}}],"collection":[{"href":"https:\/\/komisskarbek.pl\/index.php?rest_route=\/wp\/v2\/product"}],"about":[{"href":"https:\/\/komisskarbek.pl\/index.php?rest_route=\/wp\/v2\/types\/product"}],"replies":[{"embeddable":true,"href":"https:\/\/komisskarbek.pl\/index.php?rest_route=%2Fwp%2Fv2%2Fcomments&post=76"}],"wp:featuredmedia":[{"embeddable":true,"href":"https:\/\/komisskarbek.pl\/index.php?rest_route=\/wp\/v2\/media\/77"}],"wp:attachment":[{"href":"https:\/\/komisskarbek.pl\/index.php?rest_route=%2Fwp%2Fv2%2Fmedia&parent=76"}],"wp:term":[{"taxonomy":"product_brand","embeddable":true,"href":"https:\/\/komisskarbek.pl\/index.php?rest_route=%2Fwp%2Fv2%2Fproduct_brand&post=76"},{"taxonomy":"product_cat","embeddable":true,"href":"https:\/\/komisskarbek.pl\/index.php?rest_route=%2Fwp%2Fv2%2Fproduct_cat&post=76"},{"taxonomy":"product_tag","embeddable":true,"href":"https:\/\/komisskarbek.pl\/index.php?rest_route=%2Fwp%2Fv2%2Fproduct_tag&post=76"}],"curies":[{"name":"wp","href":"https:\/\/api.w.org\/{rel}","templated":true}]}}