{"id":75,"date":"2026-02-02T14:08:46","date_gmt":"2026-02-02T13:08:46","guid":{"rendered":"https:\/\/komisskarbek.pl\/?post_type=product&#038;p=75"},"modified":"2026-03-29T17:54:30","modified_gmt":"2026-03-29T15:54:30","slug":"zabawkowy-kask-policyjny","status":"publish","type":"product","link":"https:\/\/komisskarbek.pl\/?product=zabawkowy-kask-policyjny","title":{"rendered":"Zabawkowy kask policyjny"},"content":{"rendered":"<p>Plastikowy kask policyjny dla dzieci, z podnoszon\u0105 prze\u017aroczyst\u0105 przy\u0142bic\u0105 w zielonym odcieniu.<\/p>\n","protected":false},"excerpt":{"rendered":"<p>Plastikowy kask policyjny dla dzieci<\/p>\n","protected":false},"featured_media":74,"comment_status":"open","ping_status":"closed","template":"","meta":{"_acf_changed":false},"product_brand":[],"product_cat":[110,109],"product_tag":[],"class_list":{"0":"post-75","1":"product","2":"type-product","3":"status-publish","4":"has-post-thumbnail","6":"product_cat-stroje","7":"product_cat-swiat-dziecka","8":"pa_kolor-bialy","9":"pa_kolor-czarny","11":"first","12":"instock","13":"shipping-taxable","14":"purchasable","15":"product-type-variable"},"acf":[],"_links":{"self":[{"href":"https:\/\/komisskarbek.pl\/index.php?rest_route=\/wp\/v2\/product\/75","targetHints":{"allow":["GET"]}}],"collection":[{"href":"https:\/\/komisskarbek.pl\/index.php?rest_route=\/wp\/v2\/product"}],"about":[{"href":"https:\/\/komisskarbek.pl\/index.php?rest_route=\/wp\/v2\/types\/product"}],"replies":[{"embeddable":true,"href":"https:\/\/komisskarbek.pl\/index.php?rest_route=%2Fwp%2Fv2%2Fcomments&post=75"}],"wp:featuredmedia":[{"embeddable":true,"href":"https:\/\/komisskarbek.pl\/index.php?rest_route=\/wp\/v2\/media\/74"}],"wp:attachment":[{"href":"https:\/\/komisskarbek.pl\/index.php?rest_route=%2Fwp%2Fv2%2Fmedia&parent=75"}],"wp:term":[{"taxonomy":"product_brand","embeddable":true,"href":"https:\/\/komisskarbek.pl\/index.php?rest_route=%2Fwp%2Fv2%2Fproduct_brand&post=75"},{"taxonomy":"product_cat","embeddable":true,"href":"https:\/\/komisskarbek.pl\/index.php?rest_route=%2Fwp%2Fv2%2Fproduct_cat&post=75"},{"taxonomy":"product_tag","embeddable":true,"href":"https:\/\/komisskarbek.pl\/index.php?rest_route=%2Fwp%2Fv2%2Fproduct_tag&post=75"}],"curies":[{"name":"wp","href":"https:\/\/api.w.org\/{rel}","templated":true}]}}