{"id":726,"date":"2026-04-03T18:42:31","date_gmt":"2026-04-03T16:42:31","guid":{"rendered":"https:\/\/komisskarbek.pl\/?post_type=product&#038;p=726"},"modified":"2026-04-03T18:42:31","modified_gmt":"2026-04-03T16:42:31","slug":"sukienka-z-koronka","status":"publish","type":"product","link":"https:\/\/komisskarbek.pl\/?product=sukienka-z-koronka","title":{"rendered":"Sukienka z koronk\u0105"},"content":{"rendered":"<p>Subtelna sukienka zdobiona koronk\u0105 \u0142\u0105czy elegancj\u0119 z kobiecym wdzi\u0119kiem. Delikatne detale nadaj\u0105 stylizacji lekko\u015bci i szyku, a ponadczasowy kr\u00f3j sprawia, \u017ce sukienka jest idealna na uroczysto\u015bci, przyj\u0119cia i wyj\u0105tkowe okazje. Komfortowa, stylowa i pe\u0142na finezji. Posiada zamek z ty\u0142u.<\/p>\n","protected":false},"excerpt":{"rendered":"<ul>\n<li>Kolor: Czarny<\/li>\n<\/ul>\n","protected":false},"featured_media":678,"comment_status":"open","ping_status":"closed","template":"","meta":{"_acf_changed":false},"product_brand":[],"product_cat":[94,97],"product_tag":[],"class_list":{"0":"post-726","1":"product","2":"type-product","3":"status-publish","4":"has-post-thumbnail","6":"product_cat-kobieta-dziewczynka","7":"product_cat-sukienki","8":"pa_kolor-czarny","10":"first","11":"instock","12":"shipping-taxable","13":"product-type-simple"},"acf":[],"_links":{"self":[{"href":"https:\/\/komisskarbek.pl\/index.php?rest_route=\/wp\/v2\/product\/726","targetHints":{"allow":["GET"]}}],"collection":[{"href":"https:\/\/komisskarbek.pl\/index.php?rest_route=\/wp\/v2\/product"}],"about":[{"href":"https:\/\/komisskarbek.pl\/index.php?rest_route=\/wp\/v2\/types\/product"}],"replies":[{"embeddable":true,"href":"https:\/\/komisskarbek.pl\/index.php?rest_route=%2Fwp%2Fv2%2Fcomments&post=726"}],"wp:featuredmedia":[{"embeddable":true,"href":"https:\/\/komisskarbek.pl\/index.php?rest_route=\/wp\/v2\/media\/678"}],"wp:attachment":[{"href":"https:\/\/komisskarbek.pl\/index.php?rest_route=%2Fwp%2Fv2%2Fmedia&parent=726"}],"wp:term":[{"taxonomy":"product_brand","embeddable":true,"href":"https:\/\/komisskarbek.pl\/index.php?rest_route=%2Fwp%2Fv2%2Fproduct_brand&post=726"},{"taxonomy":"product_cat","embeddable":true,"href":"https:\/\/komisskarbek.pl\/index.php?rest_route=%2Fwp%2Fv2%2Fproduct_cat&post=726"},{"taxonomy":"product_tag","embeddable":true,"href":"https:\/\/komisskarbek.pl\/index.php?rest_route=%2Fwp%2Fv2%2Fproduct_tag&post=726"}],"curies":[{"name":"wp","href":"https:\/\/api.w.org\/{rel}","templated":true}]}}