{"id":725,"date":"2026-04-03T18:38:45","date_gmt":"2026-04-03T16:38:45","guid":{"rendered":"https:\/\/komisskarbek.pl\/?post_type=product&#038;p=725"},"modified":"2026-04-03T18:38:45","modified_gmt":"2026-04-03T16:38:45","slug":"sukienka-butelkowa-zielen","status":"publish","type":"product","link":"https:\/\/komisskarbek.pl\/?product=sukienka-butelkowa-zielen","title":{"rendered":"Sukienka butelkowa ziele\u0144"},"content":{"rendered":"<p>Elegancka sukienka w g\u0142\u0119bokim odcieniu butelkowej zieleni \u0142\u0105czy klasyk\u0119 z wyrazistym kolorem. Prosty, ponadczasowy kr\u00f3j sprawia, \u017ce sukienka jest uniwersalna &#8211; \u015bwietna na eleganckie wyj\u015bcia, spotkania czy uroczysto\u015bci. Komfortowa, kobieca i pe\u0142na szyku. Posiada zamek z ty\u0142u.<\/p>\n","protected":false},"excerpt":{"rendered":"<ul>\n<li>Rozmiar: 38\/40<\/li>\n<li>Kolor: Butelkowa ziele\u0144<\/li>\n<\/ul>\n","protected":false},"featured_media":675,"comment_status":"open","ping_status":"closed","template":"","meta":{"_acf_changed":false},"product_brand":[],"product_cat":[94,97],"product_tag":[],"class_list":{"0":"post-725","1":"product","2":"type-product","3":"status-publish","4":"has-post-thumbnail","6":"product_cat-kobieta-dziewczynka","7":"product_cat-sukienki","8":"pa_kolor-butelkowa-zielen","10":"first","11":"instock","12":"shipping-taxable","13":"purchasable","14":"product-type-simple"},"acf":[],"_links":{"self":[{"href":"https:\/\/komisskarbek.pl\/index.php?rest_route=\/wp\/v2\/product\/725","targetHints":{"allow":["GET"]}}],"collection":[{"href":"https:\/\/komisskarbek.pl\/index.php?rest_route=\/wp\/v2\/product"}],"about":[{"href":"https:\/\/komisskarbek.pl\/index.php?rest_route=\/wp\/v2\/types\/product"}],"replies":[{"embeddable":true,"href":"https:\/\/komisskarbek.pl\/index.php?rest_route=%2Fwp%2Fv2%2Fcomments&post=725"}],"wp:featuredmedia":[{"embeddable":true,"href":"https:\/\/komisskarbek.pl\/index.php?rest_route=\/wp\/v2\/media\/675"}],"wp:attachment":[{"href":"https:\/\/komisskarbek.pl\/index.php?rest_route=%2Fwp%2Fv2%2Fmedia&parent=725"}],"wp:term":[{"taxonomy":"product_brand","embeddable":true,"href":"https:\/\/komisskarbek.pl\/index.php?rest_route=%2Fwp%2Fv2%2Fproduct_brand&post=725"},{"taxonomy":"product_cat","embeddable":true,"href":"https:\/\/komisskarbek.pl\/index.php?rest_route=%2Fwp%2Fv2%2Fproduct_cat&post=725"},{"taxonomy":"product_tag","embeddable":true,"href":"https:\/\/komisskarbek.pl\/index.php?rest_route=%2Fwp%2Fv2%2Fproduct_tag&post=725"}],"curies":[{"name":"wp","href":"https:\/\/api.w.org\/{rel}","templated":true}]}}