{"id":723,"date":"2026-04-03T17:40:23","date_gmt":"2026-04-03T15:40:23","guid":{"rendered":"https:\/\/komisskarbek.pl\/?post_type=product&#038;p=723"},"modified":"2026-04-03T17:41:41","modified_gmt":"2026-04-03T15:41:41","slug":"granatowa-sukienka-w-stylu-basic","status":"publish","type":"product","link":"https:\/\/komisskarbek.pl\/?product=granatowa-sukienka-w-stylu-basic","title":{"rendered":"Granatowa sukienka w stylu basic"},"content":{"rendered":"<p>Klasyczna granatowa sukienka w minimalistycznym stylu to uniwersalny element ka\u017cdej garderoby. Prosty kr\u00f3j i stonowany kolor sprawiaj\u0105, \u017ce \u0142atwo dopasujesz j\u0105 do codziennych stylizacji, do pracy czy na casualowe wyj\u015bcia. Komfortowa i ponadczasowa.<\/p>\n","protected":false},"excerpt":{"rendered":"<ul>\n<li>Rozmiar: 38\/40<\/li>\n<li>Kolor: Granatowy<\/li>\n<\/ul>\n","protected":false},"featured_media":672,"comment_status":"open","ping_status":"closed","template":"","meta":{"_acf_changed":false},"product_brand":[],"product_cat":[94,97],"product_tag":[],"class_list":{"0":"post-723","1":"product","2":"type-product","3":"status-publish","4":"has-post-thumbnail","6":"product_cat-kobieta-dziewczynka","7":"product_cat-sukienki","8":"pa_kolor-granatowy","10":"first","11":"instock","12":"shipping-taxable","13":"purchasable","14":"product-type-simple"},"acf":[],"_links":{"self":[{"href":"https:\/\/komisskarbek.pl\/index.php?rest_route=\/wp\/v2\/product\/723","targetHints":{"allow":["GET"]}}],"collection":[{"href":"https:\/\/komisskarbek.pl\/index.php?rest_route=\/wp\/v2\/product"}],"about":[{"href":"https:\/\/komisskarbek.pl\/index.php?rest_route=\/wp\/v2\/types\/product"}],"replies":[{"embeddable":true,"href":"https:\/\/komisskarbek.pl\/index.php?rest_route=%2Fwp%2Fv2%2Fcomments&post=723"}],"wp:featuredmedia":[{"embeddable":true,"href":"https:\/\/komisskarbek.pl\/index.php?rest_route=\/wp\/v2\/media\/672"}],"wp:attachment":[{"href":"https:\/\/komisskarbek.pl\/index.php?rest_route=%2Fwp%2Fv2%2Fmedia&parent=723"}],"wp:term":[{"taxonomy":"product_brand","embeddable":true,"href":"https:\/\/komisskarbek.pl\/index.php?rest_route=%2Fwp%2Fv2%2Fproduct_brand&post=723"},{"taxonomy":"product_cat","embeddable":true,"href":"https:\/\/komisskarbek.pl\/index.php?rest_route=%2Fwp%2Fv2%2Fproduct_cat&post=723"},{"taxonomy":"product_tag","embeddable":true,"href":"https:\/\/komisskarbek.pl\/index.php?rest_route=%2Fwp%2Fv2%2Fproduct_tag&post=723"}],"curies":[{"name":"wp","href":"https:\/\/api.w.org\/{rel}","templated":true}]}}