{"id":721,"date":"2026-04-03T17:34:56","date_gmt":"2026-04-03T15:34:56","guid":{"rendered":"https:\/\/komisskarbek.pl\/?post_type=product&#038;p=721"},"modified":"2026-04-03T17:35:05","modified_gmt":"2026-04-03T15:35:05","slug":"stylowa-sukienka-z-plisowanym-dolem","status":"publish","type":"product","link":"https:\/\/komisskarbek.pl\/?product=stylowa-sukienka-z-plisowanym-dolem","title":{"rendered":"Stylowa sukienka z plisowanym do\u0142em"},"content":{"rendered":"<p>Elegancka sukienka z ko\u0142nierzem i plisowanym do\u0142em \u0142\u0105czy klasyczny szyk z kobiec\u0105 lekko\u015bci\u0105. Idealna na przyj\u0119cia, uroczysto\u015bci i wszystkie okazje, gdy chcesz wygl\u0105da\u0107 stylowo i wyj\u0105tkowo.<\/p>\n","protected":false},"excerpt":{"rendered":"<ul>\n<li>Rozmiar: 38<\/li>\n<li>Kolor: Szary w jasne paseczki<\/li>\n<\/ul>\n","protected":false},"featured_media":669,"comment_status":"open","ping_status":"closed","template":"","meta":{"_acf_changed":false},"product_brand":[],"product_cat":[94,97],"product_tag":[],"class_list":{"0":"post-721","1":"product","2":"type-product","3":"status-publish","4":"has-post-thumbnail","6":"product_cat-kobieta-dziewczynka","7":"product_cat-sukienki","8":"pa_kolor-szary","10":"first","11":"instock","12":"shipping-taxable","13":"purchasable","14":"product-type-simple"},"acf":[],"_links":{"self":[{"href":"https:\/\/komisskarbek.pl\/index.php?rest_route=\/wp\/v2\/product\/721","targetHints":{"allow":["GET"]}}],"collection":[{"href":"https:\/\/komisskarbek.pl\/index.php?rest_route=\/wp\/v2\/product"}],"about":[{"href":"https:\/\/komisskarbek.pl\/index.php?rest_route=\/wp\/v2\/types\/product"}],"replies":[{"embeddable":true,"href":"https:\/\/komisskarbek.pl\/index.php?rest_route=%2Fwp%2Fv2%2Fcomments&post=721"}],"wp:featuredmedia":[{"embeddable":true,"href":"https:\/\/komisskarbek.pl\/index.php?rest_route=\/wp\/v2\/media\/669"}],"wp:attachment":[{"href":"https:\/\/komisskarbek.pl\/index.php?rest_route=%2Fwp%2Fv2%2Fmedia&parent=721"}],"wp:term":[{"taxonomy":"product_brand","embeddable":true,"href":"https:\/\/komisskarbek.pl\/index.php?rest_route=%2Fwp%2Fv2%2Fproduct_brand&post=721"},{"taxonomy":"product_cat","embeddable":true,"href":"https:\/\/komisskarbek.pl\/index.php?rest_route=%2Fwp%2Fv2%2Fproduct_cat&post=721"},{"taxonomy":"product_tag","embeddable":true,"href":"https:\/\/komisskarbek.pl\/index.php?rest_route=%2Fwp%2Fv2%2Fproduct_tag&post=721"}],"curies":[{"name":"wp","href":"https:\/\/api.w.org\/{rel}","templated":true}]}}