{"id":718,"date":"2026-04-03T16:58:59","date_gmt":"2026-04-03T14:58:59","guid":{"rendered":"https:\/\/komisskarbek.pl\/?post_type=product&#038;p=718"},"modified":"2026-04-03T16:58:59","modified_gmt":"2026-04-03T14:58:59","slug":"sukienka-wibs-pl","status":"publish","type":"product","link":"https:\/\/komisskarbek.pl\/?product=sukienka-wibs-pl","title":{"rendered":"Sukienka WIBS.PL"},"content":{"rendered":"<p>Sukienka marki WIBS.PL to stylowa propozycja dla kobiet ceni\u0105cych modny wygl\u0105d i wygod\u0119. Idealna\u00a0 na r\u00f3\u017cne okazje. Posiada zamek z ty\u0142u.<\/p>\n","protected":false},"excerpt":{"rendered":"<ul>\n<li>Rozmiar: 42<\/li>\n<li>Marka: WIBS.PL<\/li>\n<li>Kolor: Czarny z szarymi wzorami<\/li>\n<\/ul>\n","protected":false},"featured_media":653,"comment_status":"open","ping_status":"closed","template":"","meta":{"_acf_changed":false},"product_brand":[],"product_cat":[94,97],"product_tag":[],"class_list":{"0":"post-718","1":"product","2":"type-product","3":"status-publish","4":"has-post-thumbnail","6":"product_cat-kobieta-dziewczynka","7":"product_cat-sukienki","8":"pa_kolor-czarny","10":"first","11":"instock","12":"shipping-taxable","13":"purchasable","14":"product-type-simple"},"acf":[],"_links":{"self":[{"href":"https:\/\/komisskarbek.pl\/index.php?rest_route=\/wp\/v2\/product\/718","targetHints":{"allow":["GET"]}}],"collection":[{"href":"https:\/\/komisskarbek.pl\/index.php?rest_route=\/wp\/v2\/product"}],"about":[{"href":"https:\/\/komisskarbek.pl\/index.php?rest_route=\/wp\/v2\/types\/product"}],"replies":[{"embeddable":true,"href":"https:\/\/komisskarbek.pl\/index.php?rest_route=%2Fwp%2Fv2%2Fcomments&post=718"}],"wp:featuredmedia":[{"embeddable":true,"href":"https:\/\/komisskarbek.pl\/index.php?rest_route=\/wp\/v2\/media\/653"}],"wp:attachment":[{"href":"https:\/\/komisskarbek.pl\/index.php?rest_route=%2Fwp%2Fv2%2Fmedia&parent=718"}],"wp:term":[{"taxonomy":"product_brand","embeddable":true,"href":"https:\/\/komisskarbek.pl\/index.php?rest_route=%2Fwp%2Fv2%2Fproduct_brand&post=718"},{"taxonomy":"product_cat","embeddable":true,"href":"https:\/\/komisskarbek.pl\/index.php?rest_route=%2Fwp%2Fv2%2Fproduct_cat&post=718"},{"taxonomy":"product_tag","embeddable":true,"href":"https:\/\/komisskarbek.pl\/index.php?rest_route=%2Fwp%2Fv2%2Fproduct_tag&post=718"}],"curies":[{"name":"wp","href":"https:\/\/api.w.org\/{rel}","templated":true}]}}