{"id":717,"date":"2026-04-03T16:51:14","date_gmt":"2026-04-03T14:51:14","guid":{"rendered":"https:\/\/komisskarbek.pl\/?post_type=product&#038;p=717"},"modified":"2026-04-03T16:52:44","modified_gmt":"2026-04-03T14:52:44","slug":"elegancka-sukienka-vera-mont","status":"publish","type":"product","link":"https:\/\/komisskarbek.pl\/?product=elegancka-sukienka-vera-mont","title":{"rendered":"Elegancka sukienka VERA MONT"},"content":{"rendered":"<p>Elegancka czarna sukienka o dopasowanym kroju to idealna propozycja na wyj\u0105tkowe okazje. Marszczenia w\u00a0 dodaj\u0105 jej szyku i podkre\u015blaj\u0105 sylwetk\u0119, a klasyczny kolor sprawia, \u017ce jest ponadczasowa i uniwersalna. \u015awietnie sprawdzi si\u0119 na przyj\u0119cia, wieczorne wyj\u015bcia czy uroczysto\u015bci.<\/p>\n","protected":false},"excerpt":{"rendered":"<ul>\n<li>Rozmiar: 42<\/li>\n<li>Marka: VERA MONT<\/li>\n<li>Kolor: Czarny<\/li>\n<\/ul>\n","protected":false},"featured_media":648,"comment_status":"open","ping_status":"closed","template":"","meta":{"_acf_changed":false},"product_brand":[],"product_cat":[94,97],"product_tag":[],"class_list":{"0":"post-717","1":"product","2":"type-product","3":"status-publish","4":"has-post-thumbnail","6":"product_cat-kobieta-dziewczynka","7":"product_cat-sukienki","8":"pa_kolor-czarny","10":"first","11":"instock","12":"shipping-taxable","13":"purchasable","14":"product-type-simple"},"acf":[],"_links":{"self":[{"href":"https:\/\/komisskarbek.pl\/index.php?rest_route=\/wp\/v2\/product\/717","targetHints":{"allow":["GET"]}}],"collection":[{"href":"https:\/\/komisskarbek.pl\/index.php?rest_route=\/wp\/v2\/product"}],"about":[{"href":"https:\/\/komisskarbek.pl\/index.php?rest_route=\/wp\/v2\/types\/product"}],"replies":[{"embeddable":true,"href":"https:\/\/komisskarbek.pl\/index.php?rest_route=%2Fwp%2Fv2%2Fcomments&post=717"}],"wp:featuredmedia":[{"embeddable":true,"href":"https:\/\/komisskarbek.pl\/index.php?rest_route=\/wp\/v2\/media\/648"}],"wp:attachment":[{"href":"https:\/\/komisskarbek.pl\/index.php?rest_route=%2Fwp%2Fv2%2Fmedia&parent=717"}],"wp:term":[{"taxonomy":"product_brand","embeddable":true,"href":"https:\/\/komisskarbek.pl\/index.php?rest_route=%2Fwp%2Fv2%2Fproduct_brand&post=717"},{"taxonomy":"product_cat","embeddable":true,"href":"https:\/\/komisskarbek.pl\/index.php?rest_route=%2Fwp%2Fv2%2Fproduct_cat&post=717"},{"taxonomy":"product_tag","embeddable":true,"href":"https:\/\/komisskarbek.pl\/index.php?rest_route=%2Fwp%2Fv2%2Fproduct_tag&post=717"}],"curies":[{"name":"wp","href":"https:\/\/api.w.org\/{rel}","templated":true}]}}