{"id":716,"date":"2026-04-03T16:44:36","date_gmt":"2026-04-03T14:44:36","guid":{"rendered":"https:\/\/komisskarbek.pl\/?post_type=product&#038;p=716"},"modified":"2026-04-03T16:45:12","modified_gmt":"2026-04-03T14:45:12","slug":"716","status":"publish","type":"product","link":"https:\/\/komisskarbek.pl\/?product=716","title":{"rendered":"Dopasowana sukienka VISSAVI"},"content":{"rendered":"<p>Sukienka w nowoczesnym, geometrycznym wzorze to \u015bwietna propozycja dla kobiet ceni\u0105cych oryginalny styl. Po\u0142\u0105czenie czerni, bieli oraz zielonych i granatowych pas\u00f3w nadaje jej wyrazistego charakteru, a dopasowany kr\u00f3j pi\u0119knie podkre\u015bla sylwetk\u0119. Idealna zar\u00f3wno na co dzie\u0144, jak i na bardziej eleganckie wyj\u015bcia.<\/p>\n","protected":false},"excerpt":{"rendered":"<ul>\n<li>Rozmiar: 44<\/li>\n<li>Marka: VISSAVI<\/li>\n<li>Kolor:\u00a0 Po\u0142\u0105czenie czarnego, bia\u0142ego, granatowego i zielonego<\/li>\n<\/ul>\n","protected":false},"featured_media":644,"comment_status":"open","ping_status":"closed","template":"","meta":{"_acf_changed":false},"product_brand":[],"product_cat":[94,97],"product_tag":[],"class_list":{"0":"post-716","1":"product","2":"type-product","3":"status-publish","4":"has-post-thumbnail","6":"product_cat-kobieta-dziewczynka","7":"product_cat-sukienki","8":"pa_kolor-bialy","9":"pa_kolor-czarny","10":"pa_kolor-granatowy","11":"pa_kolor-zielony","13":"first","14":"instock","15":"shipping-taxable","16":"purchasable","17":"product-type-simple"},"acf":[],"_links":{"self":[{"href":"https:\/\/komisskarbek.pl\/index.php?rest_route=\/wp\/v2\/product\/716","targetHints":{"allow":["GET"]}}],"collection":[{"href":"https:\/\/komisskarbek.pl\/index.php?rest_route=\/wp\/v2\/product"}],"about":[{"href":"https:\/\/komisskarbek.pl\/index.php?rest_route=\/wp\/v2\/types\/product"}],"replies":[{"embeddable":true,"href":"https:\/\/komisskarbek.pl\/index.php?rest_route=%2Fwp%2Fv2%2Fcomments&post=716"}],"wp:featuredmedia":[{"embeddable":true,"href":"https:\/\/komisskarbek.pl\/index.php?rest_route=\/wp\/v2\/media\/644"}],"wp:attachment":[{"href":"https:\/\/komisskarbek.pl\/index.php?rest_route=%2Fwp%2Fv2%2Fmedia&parent=716"}],"wp:term":[{"taxonomy":"product_brand","embeddable":true,"href":"https:\/\/komisskarbek.pl\/index.php?rest_route=%2Fwp%2Fv2%2Fproduct_brand&post=716"},{"taxonomy":"product_cat","embeddable":true,"href":"https:\/\/komisskarbek.pl\/index.php?rest_route=%2Fwp%2Fv2%2Fproduct_cat&post=716"},{"taxonomy":"product_tag","embeddable":true,"href":"https:\/\/komisskarbek.pl\/index.php?rest_route=%2Fwp%2Fv2%2Fproduct_tag&post=716"}],"curies":[{"name":"wp","href":"https:\/\/api.w.org\/{rel}","templated":true}]}}