{"id":715,"date":"2026-04-03T16:36:18","date_gmt":"2026-04-03T14:36:18","guid":{"rendered":"https:\/\/komisskarbek.pl\/?post_type=product&#038;p=715"},"modified":"2026-04-03T16:36:19","modified_gmt":"2026-04-03T14:36:19","slug":"sukienka-vissavi","status":"publish","type":"product","link":"https:\/\/komisskarbek.pl\/?product=sukienka-vissavi","title":{"rendered":"Sukienka VISSAVI"},"content":{"rendered":"<p>Elegancka czerwona sukienka marki VISSAVI to idealna propozycja dla kobiet, kt\u00f3re chc\u0105 podkre\u015bli\u0107 swoj\u0105 pewno\u015b\u0107 siebie i kobieco\u015b\u0107. Intensywny kolor przyci\u0105ga uwag\u0119, a dopracowany kr\u00f3j pi\u0119knie eksponuje sylwetk\u0119 i dodaje klasy. \u015awietnie sprawdzi si\u0119 na wyj\u0105tkowe okazje \u2013 przyj\u0119cia, wesela czy wieczorne wyj\u015bcia. Posiada zamek z ty\u0142u.<\/p>\n","protected":false},"excerpt":{"rendered":"<ul>\n<li>Rozmiar: 44<\/li>\n<li>Marka: VISSAVI<\/li>\n<li>Kolor: Czerwony<\/li>\n<\/ul>\n","protected":false},"featured_media":640,"comment_status":"open","ping_status":"closed","template":"","meta":{"_acf_changed":false},"product_brand":[],"product_cat":[94,97],"product_tag":[],"class_list":{"0":"post-715","1":"product","2":"type-product","3":"status-publish","4":"has-post-thumbnail","6":"product_cat-kobieta-dziewczynka","7":"product_cat-sukienki","8":"pa_kolor-czerwony","10":"first","11":"instock","12":"shipping-taxable","13":"purchasable","14":"product-type-simple"},"acf":[],"_links":{"self":[{"href":"https:\/\/komisskarbek.pl\/index.php?rest_route=\/wp\/v2\/product\/715","targetHints":{"allow":["GET"]}}],"collection":[{"href":"https:\/\/komisskarbek.pl\/index.php?rest_route=\/wp\/v2\/product"}],"about":[{"href":"https:\/\/komisskarbek.pl\/index.php?rest_route=\/wp\/v2\/types\/product"}],"replies":[{"embeddable":true,"href":"https:\/\/komisskarbek.pl\/index.php?rest_route=%2Fwp%2Fv2%2Fcomments&post=715"}],"wp:featuredmedia":[{"embeddable":true,"href":"https:\/\/komisskarbek.pl\/index.php?rest_route=\/wp\/v2\/media\/640"}],"wp:attachment":[{"href":"https:\/\/komisskarbek.pl\/index.php?rest_route=%2Fwp%2Fv2%2Fmedia&parent=715"}],"wp:term":[{"taxonomy":"product_brand","embeddable":true,"href":"https:\/\/komisskarbek.pl\/index.php?rest_route=%2Fwp%2Fv2%2Fproduct_brand&post=715"},{"taxonomy":"product_cat","embeddable":true,"href":"https:\/\/komisskarbek.pl\/index.php?rest_route=%2Fwp%2Fv2%2Fproduct_cat&post=715"},{"taxonomy":"product_tag","embeddable":true,"href":"https:\/\/komisskarbek.pl\/index.php?rest_route=%2Fwp%2Fv2%2Fproduct_tag&post=715"}],"curies":[{"name":"wp","href":"https:\/\/api.w.org\/{rel}","templated":true}]}}