{"id":714,"date":"2026-04-03T16:25:40","date_gmt":"2026-04-03T14:25:40","guid":{"rendered":"https:\/\/komisskarbek.pl\/?post_type=product&#038;p=714"},"modified":"2026-04-03T16:26:30","modified_gmt":"2026-04-03T14:26:30","slug":"sukienka-rabarbar","status":"publish","type":"product","link":"https:\/\/komisskarbek.pl\/?product=sukienka-rabarbar","title":{"rendered":"Sukienka RABARBAR"},"content":{"rendered":"<p>To stylowa i uniwersalna propozycja na co dzie\u0144 i na bardziej eleganckie okazje. Stonowany odcie\u0144 nadaje jej nowoczesnego charakteru, a wygodny kr\u00f3j zapewnia komfort noszenia. Posiada zamek z ty\u0142u.<\/p>\n","protected":false},"excerpt":{"rendered":"<ul>\n<li>Rozmiar: 42<\/li>\n<li>Marka: RABARBAR<\/li>\n<li>Kolor: Khaki z czarnym sznureczkiem na dekolcie<\/li>\n<\/ul>\n","protected":false},"featured_media":636,"comment_status":"open","ping_status":"closed","template":"","meta":{"_acf_changed":false},"product_brand":[],"product_cat":[94,97],"product_tag":[],"class_list":{"0":"post-714","1":"product","2":"type-product","3":"status-publish","4":"has-post-thumbnail","6":"product_cat-kobieta-dziewczynka","7":"product_cat-sukienki","8":"pa_kolor-khaki","10":"first","11":"instock","12":"shipping-taxable","13":"purchasable","14":"product-type-simple"},"acf":[],"_links":{"self":[{"href":"https:\/\/komisskarbek.pl\/index.php?rest_route=\/wp\/v2\/product\/714","targetHints":{"allow":["GET"]}}],"collection":[{"href":"https:\/\/komisskarbek.pl\/index.php?rest_route=\/wp\/v2\/product"}],"about":[{"href":"https:\/\/komisskarbek.pl\/index.php?rest_route=\/wp\/v2\/types\/product"}],"replies":[{"embeddable":true,"href":"https:\/\/komisskarbek.pl\/index.php?rest_route=%2Fwp%2Fv2%2Fcomments&post=714"}],"wp:featuredmedia":[{"embeddable":true,"href":"https:\/\/komisskarbek.pl\/index.php?rest_route=\/wp\/v2\/media\/636"}],"wp:attachment":[{"href":"https:\/\/komisskarbek.pl\/index.php?rest_route=%2Fwp%2Fv2%2Fmedia&parent=714"}],"wp:term":[{"taxonomy":"product_brand","embeddable":true,"href":"https:\/\/komisskarbek.pl\/index.php?rest_route=%2Fwp%2Fv2%2Fproduct_brand&post=714"},{"taxonomy":"product_cat","embeddable":true,"href":"https:\/\/komisskarbek.pl\/index.php?rest_route=%2Fwp%2Fv2%2Fproduct_cat&post=714"},{"taxonomy":"product_tag","embeddable":true,"href":"https:\/\/komisskarbek.pl\/index.php?rest_route=%2Fwp%2Fv2%2Fproduct_tag&post=714"}],"curies":[{"name":"wp","href":"https:\/\/api.w.org\/{rel}","templated":true}]}}