{"id":713,"date":"2026-04-03T16:20:59","date_gmt":"2026-04-03T14:20:59","guid":{"rendered":"https:\/\/komisskarbek.pl\/?post_type=product&#038;p=713"},"modified":"2026-04-03T16:21:00","modified_gmt":"2026-04-03T14:21:00","slug":"komplet-sukienka-zakiet-bialcon","status":"publish","type":"product","link":"https:\/\/komisskarbek.pl\/?product=komplet-sukienka-zakiet-bialcon","title":{"rendered":"Komplet (sukienka + \u017cakiet) BIALCON"},"content":{"rendered":"<p>Elegancki r\u00f3\u017cowy komplet &#8211; stylowa propozycja na wyj\u0105tkowe okazje. Wyrazisty, kobiecy kolor dodaje \u015bwie\u017co\u015bci, idealny na uroczysto\u015bci.<\/p>\n","protected":false},"excerpt":{"rendered":"<ul>\n<li>Rozmiar: 46<\/li>\n<li>Marka: BIALCON CLASSIC<\/li>\n<li>Kolor: R\u00f3\u017cowy<\/li>\n<\/ul>\n","protected":false},"featured_media":631,"comment_status":"open","ping_status":"closed","template":"","meta":{"_acf_changed":false},"product_brand":[],"product_cat":[94,97],"product_tag":[],"class_list":{"0":"post-713","1":"product","2":"type-product","3":"status-publish","4":"has-post-thumbnail","6":"product_cat-kobieta-dziewczynka","7":"product_cat-sukienki","8":"pa_kolor-rozowy","10":"first","11":"instock","12":"shipping-taxable","13":"purchasable","14":"product-type-simple"},"acf":[],"_links":{"self":[{"href":"https:\/\/komisskarbek.pl\/index.php?rest_route=\/wp\/v2\/product\/713","targetHints":{"allow":["GET"]}}],"collection":[{"href":"https:\/\/komisskarbek.pl\/index.php?rest_route=\/wp\/v2\/product"}],"about":[{"href":"https:\/\/komisskarbek.pl\/index.php?rest_route=\/wp\/v2\/types\/product"}],"replies":[{"embeddable":true,"href":"https:\/\/komisskarbek.pl\/index.php?rest_route=%2Fwp%2Fv2%2Fcomments&post=713"}],"wp:featuredmedia":[{"embeddable":true,"href":"https:\/\/komisskarbek.pl\/index.php?rest_route=\/wp\/v2\/media\/631"}],"wp:attachment":[{"href":"https:\/\/komisskarbek.pl\/index.php?rest_route=%2Fwp%2Fv2%2Fmedia&parent=713"}],"wp:term":[{"taxonomy":"product_brand","embeddable":true,"href":"https:\/\/komisskarbek.pl\/index.php?rest_route=%2Fwp%2Fv2%2Fproduct_brand&post=713"},{"taxonomy":"product_cat","embeddable":true,"href":"https:\/\/komisskarbek.pl\/index.php?rest_route=%2Fwp%2Fv2%2Fproduct_cat&post=713"},{"taxonomy":"product_tag","embeddable":true,"href":"https:\/\/komisskarbek.pl\/index.php?rest_route=%2Fwp%2Fv2%2Fproduct_tag&post=713"}],"curies":[{"name":"wp","href":"https:\/\/api.w.org\/{rel}","templated":true}]}}