{"id":68,"date":"2026-01-30T15:50:20","date_gmt":"2026-01-30T14:50:20","guid":{"rendered":"https:\/\/komisskarbek.pl\/?post_type=product&#038;p=68"},"modified":"2026-03-29T19:40:56","modified_gmt":"2026-03-29T17:40:56","slug":"puzzle-edukacyjne","status":"publish","type":"product","link":"https:\/\/komisskarbek.pl\/?product=puzzle-edukacyjne","title":{"rendered":"Puzzle edukacyjne"},"content":{"rendered":"<p>Drewniane puzzle edukacyjne dla ma\u0142ych dzieci. Rozwijaj\u0105 wyobra\u017ani\u0119, koncentracj\u0119, pami\u0119\u0107 wzrokow\u0105 i logiczne my\u015blenie.<\/p>\n","protected":false},"excerpt":{"rendered":"<p>Drewniane puzzle edukacyjne dla ma\u0142ych dzieci<\/p>\n","protected":false},"featured_media":70,"comment_status":"open","ping_status":"closed","template":"","meta":{"_acf_changed":false},"product_brand":[],"product_cat":[109,16],"product_tag":[],"class_list":{"0":"post-68","1":"product","2":"type-product","3":"status-publish","4":"has-post-thumbnail","6":"product_cat-swiat-dziecka","7":"product_cat-zabawki","9":"first","10":"instock","11":"sale","12":"shipping-taxable","13":"purchasable","14":"product-type-simple"},"acf":[],"_links":{"self":[{"href":"https:\/\/komisskarbek.pl\/index.php?rest_route=\/wp\/v2\/product\/68","targetHints":{"allow":["GET"]}}],"collection":[{"href":"https:\/\/komisskarbek.pl\/index.php?rest_route=\/wp\/v2\/product"}],"about":[{"href":"https:\/\/komisskarbek.pl\/index.php?rest_route=\/wp\/v2\/types\/product"}],"replies":[{"embeddable":true,"href":"https:\/\/komisskarbek.pl\/index.php?rest_route=%2Fwp%2Fv2%2Fcomments&post=68"}],"wp:featuredmedia":[{"embeddable":true,"href":"https:\/\/komisskarbek.pl\/index.php?rest_route=\/wp\/v2\/media\/70"}],"wp:attachment":[{"href":"https:\/\/komisskarbek.pl\/index.php?rest_route=%2Fwp%2Fv2%2Fmedia&parent=68"}],"wp:term":[{"taxonomy":"product_brand","embeddable":true,"href":"https:\/\/komisskarbek.pl\/index.php?rest_route=%2Fwp%2Fv2%2Fproduct_brand&post=68"},{"taxonomy":"product_cat","embeddable":true,"href":"https:\/\/komisskarbek.pl\/index.php?rest_route=%2Fwp%2Fv2%2Fproduct_cat&post=68"},{"taxonomy":"product_tag","embeddable":true,"href":"https:\/\/komisskarbek.pl\/index.php?rest_route=%2Fwp%2Fv2%2Fproduct_tag&post=68"}],"curies":[{"name":"wp","href":"https:\/\/api.w.org\/{rel}","templated":true}]}}