{"id":67,"date":"2026-01-30T15:45:26","date_gmt":"2026-01-30T14:45:26","guid":{"rendered":"https:\/\/komisskarbek.pl\/?post_type=product&#038;p=67"},"modified":"2026-03-29T19:40:39","modified_gmt":"2026-03-29T17:40:39","slug":"zabawka-edukacyjna","status":"publish","type":"product","link":"https:\/\/komisskarbek.pl\/?product=zabawka-edukacyjna","title":{"rendered":"Zabawka edukacyjna"},"content":{"rendered":"<p>Zabawka edukacyjna JANOD &#8211; s\u0142u\u017cy do nauki rozr\u00f3\u017cniania i dopasowywania kolor\u00f3w oraz kszta\u0142t\u00f3w, Pomaga trenowa\u0107 chwyt i motoryk\u0119. Elementy filcu i drewna.<\/p>\n","protected":false},"excerpt":{"rendered":"<p>Zabawka edukacyjna JANOD<\/p>\n","protected":false},"featured_media":65,"comment_status":"open","ping_status":"closed","template":"","meta":{"_acf_changed":false},"product_brand":[],"product_cat":[109,16],"product_tag":[],"class_list":{"0":"post-67","1":"product","2":"type-product","3":"status-publish","4":"has-post-thumbnail","6":"product_cat-swiat-dziecka","7":"product_cat-zabawki","9":"first","10":"instock","11":"shipping-taxable","12":"purchasable","13":"product-type-simple"},"acf":[],"_links":{"self":[{"href":"https:\/\/komisskarbek.pl\/index.php?rest_route=\/wp\/v2\/product\/67","targetHints":{"allow":["GET"]}}],"collection":[{"href":"https:\/\/komisskarbek.pl\/index.php?rest_route=\/wp\/v2\/product"}],"about":[{"href":"https:\/\/komisskarbek.pl\/index.php?rest_route=\/wp\/v2\/types\/product"}],"replies":[{"embeddable":true,"href":"https:\/\/komisskarbek.pl\/index.php?rest_route=%2Fwp%2Fv2%2Fcomments&post=67"}],"wp:featuredmedia":[{"embeddable":true,"href":"https:\/\/komisskarbek.pl\/index.php?rest_route=\/wp\/v2\/media\/65"}],"wp:attachment":[{"href":"https:\/\/komisskarbek.pl\/index.php?rest_route=%2Fwp%2Fv2%2Fmedia&parent=67"}],"wp:term":[{"taxonomy":"product_brand","embeddable":true,"href":"https:\/\/komisskarbek.pl\/index.php?rest_route=%2Fwp%2Fv2%2Fproduct_brand&post=67"},{"taxonomy":"product_cat","embeddable":true,"href":"https:\/\/komisskarbek.pl\/index.php?rest_route=%2Fwp%2Fv2%2Fproduct_cat&post=67"},{"taxonomy":"product_tag","embeddable":true,"href":"https:\/\/komisskarbek.pl\/index.php?rest_route=%2Fwp%2Fv2%2Fproduct_tag&post=67"}],"curies":[{"name":"wp","href":"https:\/\/api.w.org\/{rel}","templated":true}]}}