{"id":60,"date":"2026-01-30T15:25:11","date_gmt":"2026-01-30T14:25:11","guid":{"rendered":"https:\/\/komisskarbek.pl\/?post_type=product&#038;p=60"},"modified":"2026-03-29T19:52:58","modified_gmt":"2026-03-29T17:52:58","slug":"bujaczek-5w1-unimo-kinderkraft","status":"publish","type":"product","link":"https:\/\/komisskarbek.pl\/?product=bujaczek-5w1-unimo-kinderkraft","title":{"rendered":"Bujaczek 5w1 UNIMO KINDERKRAFT"},"content":{"rendered":"<p>Le\u017caczek-bujaczek w kolorze r\u00f3\u017cowo-szarym. Jest to produkt wielofunkcyjny, kt\u00f3ry ro\u015bnie wraz z dzieckiem. Pe\u0142ni funkcj\u0119 \u0142\u00f3\u017ceczka, ko\u0142yski, le\u017caczka, bujaczka i krzese\u0142ka. Pozwala na dostosowanie do aktualnych potrzeb dziecka,\u00a0 np. zmian\u0119 z krzese\u0142ka w le\u017caczek gdy dziecko za\u015bnie. Przeznaczony dla dzieci od urodzenia do 9 kg, funkcja krzese\u0142ka max do 18 kg.<\/p>\n<p>&nbsp;<\/p>\n","protected":false},"excerpt":{"rendered":"<p>Le\u017caczek-bujaczek w kolorze r\u00f3\u017cowo-szarym. Jest to produkt wielofunkcyjny, kt\u00f3ry ro\u015bnie wraz z dzieckiem. Pe\u0142ni funkcj\u0119 \u0142\u00f3\u017ceczka, ko\u0142yski, le\u017caczka, bujaczka i krzese\u0142ka<\/p>\n","protected":false},"featured_media":59,"comment_status":"open","ping_status":"closed","template":"","meta":{"_acf_changed":false},"product_brand":[],"product_cat":[111,109],"product_tag":[],"class_list":{"0":"post-60","1":"product","2":"type-product","3":"status-publish","4":"has-post-thumbnail","6":"product_cat-akcesoria-dzieciece-niemowlece","7":"product_cat-swiat-dziecka","9":"first","10":"instock","11":"shipping-taxable","12":"purchasable","13":"product-type-simple"},"acf":[],"_links":{"self":[{"href":"https:\/\/komisskarbek.pl\/index.php?rest_route=\/wp\/v2\/product\/60","targetHints":{"allow":["GET"]}}],"collection":[{"href":"https:\/\/komisskarbek.pl\/index.php?rest_route=\/wp\/v2\/product"}],"about":[{"href":"https:\/\/komisskarbek.pl\/index.php?rest_route=\/wp\/v2\/types\/product"}],"replies":[{"embeddable":true,"href":"https:\/\/komisskarbek.pl\/index.php?rest_route=%2Fwp%2Fv2%2Fcomments&post=60"}],"wp:featuredmedia":[{"embeddable":true,"href":"https:\/\/komisskarbek.pl\/index.php?rest_route=\/wp\/v2\/media\/59"}],"wp:attachment":[{"href":"https:\/\/komisskarbek.pl\/index.php?rest_route=%2Fwp%2Fv2%2Fmedia&parent=60"}],"wp:term":[{"taxonomy":"product_brand","embeddable":true,"href":"https:\/\/komisskarbek.pl\/index.php?rest_route=%2Fwp%2Fv2%2Fproduct_brand&post=60"},{"taxonomy":"product_cat","embeddable":true,"href":"https:\/\/komisskarbek.pl\/index.php?rest_route=%2Fwp%2Fv2%2Fproduct_cat&post=60"},{"taxonomy":"product_tag","embeddable":true,"href":"https:\/\/komisskarbek.pl\/index.php?rest_route=%2Fwp%2Fv2%2Fproduct_tag&post=60"}],"curies":[{"name":"wp","href":"https:\/\/api.w.org\/{rel}","templated":true}]}}