{"id":56,"date":"2026-01-26T15:49:18","date_gmt":"2026-01-26T14:49:18","guid":{"rendered":"https:\/\/komisskarbek.pl\/?post_type=product&#038;p=56"},"modified":"2026-03-29T19:40:19","modified_gmt":"2026-03-29T17:40:19","slug":"zabawka-edukacyjna-montessori","status":"publish","type":"product","link":"https:\/\/komisskarbek.pl\/?product=zabawka-edukacyjna-montessori","title":{"rendered":"Zabawka edukacyjna Montessori"},"content":{"rendered":"<p>Uk\u0142adanka edukacyjna wykonana z drewna, kt\u00f3ra s\u0142u\u017cy\u00a0 do nauki liczenia,rozpoznawania kolor\u00f3w, \u0107wiczenia zdolno\u015bci motorycznych.<\/p>\n","protected":false},"excerpt":{"rendered":"<p>Uk\u0142adanka edukacyjna wykonana z drewna<\/p>\n","protected":false},"featured_media":57,"comment_status":"open","ping_status":"closed","template":"","meta":{"_acf_changed":false},"product_brand":[],"product_cat":[109,16],"product_tag":[],"class_list":{"0":"post-56","1":"product","2":"type-product","3":"status-publish","4":"has-post-thumbnail","6":"product_cat-swiat-dziecka","7":"product_cat-zabawki","9":"first","10":"instock","11":"shipping-taxable","12":"purchasable","13":"product-type-simple"},"acf":[],"_links":{"self":[{"href":"https:\/\/komisskarbek.pl\/index.php?rest_route=\/wp\/v2\/product\/56","targetHints":{"allow":["GET"]}}],"collection":[{"href":"https:\/\/komisskarbek.pl\/index.php?rest_route=\/wp\/v2\/product"}],"about":[{"href":"https:\/\/komisskarbek.pl\/index.php?rest_route=\/wp\/v2\/types\/product"}],"replies":[{"embeddable":true,"href":"https:\/\/komisskarbek.pl\/index.php?rest_route=%2Fwp%2Fv2%2Fcomments&post=56"}],"wp:featuredmedia":[{"embeddable":true,"href":"https:\/\/komisskarbek.pl\/index.php?rest_route=\/wp\/v2\/media\/57"}],"wp:attachment":[{"href":"https:\/\/komisskarbek.pl\/index.php?rest_route=%2Fwp%2Fv2%2Fmedia&parent=56"}],"wp:term":[{"taxonomy":"product_brand","embeddable":true,"href":"https:\/\/komisskarbek.pl\/index.php?rest_route=%2Fwp%2Fv2%2Fproduct_brand&post=56"},{"taxonomy":"product_cat","embeddable":true,"href":"https:\/\/komisskarbek.pl\/index.php?rest_route=%2Fwp%2Fv2%2Fproduct_cat&post=56"},{"taxonomy":"product_tag","embeddable":true,"href":"https:\/\/komisskarbek.pl\/index.php?rest_route=%2Fwp%2Fv2%2Fproduct_tag&post=56"}],"curies":[{"name":"wp","href":"https:\/\/api.w.org\/{rel}","templated":true}]}}