{"id":45,"date":"2026-01-26T15:27:10","date_gmt":"2026-01-26T14:27:10","guid":{"rendered":"https:\/\/komisskarbek.pl\/?post_type=product&#038;p=45"},"modified":"2026-03-29T17:44:50","modified_gmt":"2026-03-29T15:44:50","slug":"sliniak","status":"publish","type":"product","link":"https:\/\/komisskarbek.pl\/?product=sliniak","title":{"rendered":"\u015aliniak"},"content":{"rendered":"<p>Wi\u0105zany na szyi w celu ochrony ubra\u0144 przed rozlanym jedzeniem, plamami i \u015blin\u0105. Bawe\u0142niany, ch\u0142onny materia\u0142 natychmiast wch\u0142ania wszelkie zabrudzenia, utrzymuje dziecko w sucho\u015bci i czysto\u015bci.<\/p>\n","protected":false},"excerpt":{"rendered":"<p>Wi\u0105zany na szyi w celu ochrony ubra\u0144 przed rozlanym jedzeniem, plamami i \u015blin\u0105<\/p>\n","protected":false},"featured_media":46,"comment_status":"open","ping_status":"closed","template":"","meta":{"_acf_changed":false},"product_brand":[],"product_cat":[111,109],"product_tag":[],"class_list":{"0":"post-45","1":"product","2":"type-product","3":"status-publish","4":"has-post-thumbnail","6":"product_cat-akcesoria-dzieciece-niemowlece","7":"product_cat-swiat-dziecka","8":"pa_kolor-bialy","10":"first","11":"instock","12":"shipping-taxable","13":"purchasable","14":"product-type-simple"},"acf":[],"_links":{"self":[{"href":"https:\/\/komisskarbek.pl\/index.php?rest_route=\/wp\/v2\/product\/45","targetHints":{"allow":["GET"]}}],"collection":[{"href":"https:\/\/komisskarbek.pl\/index.php?rest_route=\/wp\/v2\/product"}],"about":[{"href":"https:\/\/komisskarbek.pl\/index.php?rest_route=\/wp\/v2\/types\/product"}],"replies":[{"embeddable":true,"href":"https:\/\/komisskarbek.pl\/index.php?rest_route=%2Fwp%2Fv2%2Fcomments&post=45"}],"wp:featuredmedia":[{"embeddable":true,"href":"https:\/\/komisskarbek.pl\/index.php?rest_route=\/wp\/v2\/media\/46"}],"wp:attachment":[{"href":"https:\/\/komisskarbek.pl\/index.php?rest_route=%2Fwp%2Fv2%2Fmedia&parent=45"}],"wp:term":[{"taxonomy":"product_brand","embeddable":true,"href":"https:\/\/komisskarbek.pl\/index.php?rest_route=%2Fwp%2Fv2%2Fproduct_brand&post=45"},{"taxonomy":"product_cat","embeddable":true,"href":"https:\/\/komisskarbek.pl\/index.php?rest_route=%2Fwp%2Fv2%2Fproduct_cat&post=45"},{"taxonomy":"product_tag","embeddable":true,"href":"https:\/\/komisskarbek.pl\/index.php?rest_route=%2Fwp%2Fv2%2Fproduct_tag&post=45"}],"curies":[{"name":"wp","href":"https:\/\/api.w.org\/{rel}","templated":true}]}}