{"id":342,"date":"2026-03-03T13:51:02","date_gmt":"2026-03-03T12:51:02","guid":{"rendered":"https:\/\/komisskarbek.pl\/?post_type=product&#038;p=342"},"modified":"2026-03-29T20:31:51","modified_gmt":"2026-03-29T18:31:51","slug":"spodnie-eleganckie-meskie","status":"publish","type":"product","link":"https:\/\/komisskarbek.pl\/?product=spodnie-eleganckie-meskie","title":{"rendered":"Spodnie eleganckie, m\u0119skie"},"content":{"rendered":"<p>Spodnie\u00a0 eleganckie, 98% bawe\u0142na 2% elastan. Na szczup\u0142ego m\u0142odego m\u0119\u017cczyzn\u0119.<\/p>\n","protected":false},"excerpt":{"rendered":"<p>Spodnie\u00a0 eleganckie.<\/p>\n","protected":false},"featured_media":329,"comment_status":"open","ping_status":"closed","template":"","meta":{"_acf_changed":false},"product_brand":[],"product_cat":[108,133],"product_tag":[],"class_list":{"0":"post-342","1":"product","2":"type-product","3":"status-publish","4":"has-post-thumbnail","6":"product_cat-mezczyzna-chlopiec","7":"product_cat-spodnie","8":"pa_kolor-czarny","10":"first","11":"instock","12":"shipping-taxable","13":"purchasable","14":"product-type-simple"},"acf":[],"_links":{"self":[{"href":"https:\/\/komisskarbek.pl\/index.php?rest_route=\/wp\/v2\/product\/342","targetHints":{"allow":["GET"]}}],"collection":[{"href":"https:\/\/komisskarbek.pl\/index.php?rest_route=\/wp\/v2\/product"}],"about":[{"href":"https:\/\/komisskarbek.pl\/index.php?rest_route=\/wp\/v2\/types\/product"}],"replies":[{"embeddable":true,"href":"https:\/\/komisskarbek.pl\/index.php?rest_route=%2Fwp%2Fv2%2Fcomments&post=342"}],"wp:featuredmedia":[{"embeddable":true,"href":"https:\/\/komisskarbek.pl\/index.php?rest_route=\/wp\/v2\/media\/329"}],"wp:attachment":[{"href":"https:\/\/komisskarbek.pl\/index.php?rest_route=%2Fwp%2Fv2%2Fmedia&parent=342"}],"wp:term":[{"taxonomy":"product_brand","embeddable":true,"href":"https:\/\/komisskarbek.pl\/index.php?rest_route=%2Fwp%2Fv2%2Fproduct_brand&post=342"},{"taxonomy":"product_cat","embeddable":true,"href":"https:\/\/komisskarbek.pl\/index.php?rest_route=%2Fwp%2Fv2%2Fproduct_cat&post=342"},{"taxonomy":"product_tag","embeddable":true,"href":"https:\/\/komisskarbek.pl\/index.php?rest_route=%2Fwp%2Fv2%2Fproduct_tag&post=342"}],"curies":[{"name":"wp","href":"https:\/\/api.w.org\/{rel}","templated":true}]}}