{"id":341,"date":"2026-03-03T13:42:22","date_gmt":"2026-03-03T12:42:22","guid":{"rendered":"https:\/\/komisskarbek.pl\/?post_type=product&#038;p=341"},"modified":"2026-03-29T20:30:50","modified_gmt":"2026-03-29T18:30:50","slug":"pluszaki-z-serialu-koci-domek-gabi","status":"publish","type":"product","link":"https:\/\/komisskarbek.pl\/?product=pluszaki-z-serialu-koci-domek-gabi","title":{"rendered":"Pluszaki z serialu &#8222;KOCI DOMEK GABI&#8221;"},"content":{"rendered":"<p>Mi\u0119ciutkie zabawki z popularnego serialu dla dzieci &#8222;Koci domek Gabi&#8221;. W zestawie trzy maskotki: Syrenkotka, Mi\u0119kicia, Kiciu\u015b Pandu\u015b. Mo\u017cliwo\u015b\u0107 zakupu w zestawie lub pojedynczo. Cena 25 z\u0142 przy zakupie jednej sztuki, cena 20 z\u0142 przy zakupie wi\u0119cej ni\u017c jedna sztuka.<\/p>\n","protected":false},"excerpt":{"rendered":"<p>Maskotki z serialu &#8222;Koci domek Gabi&#8221;.<\/p>\n","protected":false},"featured_media":333,"comment_status":"open","ping_status":"closed","template":"","meta":{"_acf_changed":false},"product_brand":[],"product_cat":[109,16],"product_tag":[],"class_list":{"0":"post-341","1":"product","2":"type-product","3":"status-publish","4":"has-post-thumbnail","6":"product_cat-swiat-dziecka","7":"product_cat-zabawki","9":"first","10":"instock","11":"shipping-taxable","12":"purchasable","13":"product-type-variable"},"acf":[],"_links":{"self":[{"href":"https:\/\/komisskarbek.pl\/index.php?rest_route=\/wp\/v2\/product\/341","targetHints":{"allow":["GET"]}}],"collection":[{"href":"https:\/\/komisskarbek.pl\/index.php?rest_route=\/wp\/v2\/product"}],"about":[{"href":"https:\/\/komisskarbek.pl\/index.php?rest_route=\/wp\/v2\/types\/product"}],"replies":[{"embeddable":true,"href":"https:\/\/komisskarbek.pl\/index.php?rest_route=%2Fwp%2Fv2%2Fcomments&post=341"}],"wp:featuredmedia":[{"embeddable":true,"href":"https:\/\/komisskarbek.pl\/index.php?rest_route=\/wp\/v2\/media\/333"}],"wp:attachment":[{"href":"https:\/\/komisskarbek.pl\/index.php?rest_route=%2Fwp%2Fv2%2Fmedia&parent=341"}],"wp:term":[{"taxonomy":"product_brand","embeddable":true,"href":"https:\/\/komisskarbek.pl\/index.php?rest_route=%2Fwp%2Fv2%2Fproduct_brand&post=341"},{"taxonomy":"product_cat","embeddable":true,"href":"https:\/\/komisskarbek.pl\/index.php?rest_route=%2Fwp%2Fv2%2Fproduct_cat&post=341"},{"taxonomy":"product_tag","embeddable":true,"href":"https:\/\/komisskarbek.pl\/index.php?rest_route=%2Fwp%2Fv2%2Fproduct_tag&post=341"}],"curies":[{"name":"wp","href":"https:\/\/api.w.org\/{rel}","templated":true}]}}