{"id":340,"date":"2026-03-03T13:26:39","date_gmt":"2026-03-03T12:26:39","guid":{"rendered":"https:\/\/komisskarbek.pl\/?post_type=product&#038;p=340"},"modified":"2026-03-29T20:29:29","modified_gmt":"2026-03-29T18:29:29","slug":"torba-podrozna","status":"publish","type":"product","link":"https:\/\/komisskarbek.pl\/?product=torba-podrozna","title":{"rendered":"Torba podr\u00f3\u017cna"},"content":{"rendered":"<p>Torba TOMMY HILFIGER. Wykonana z trwa\u0142ego p\u0142\u00f3tna (canvas) w kolorze be\u017cowym, z kontrastowymi sk\u00f3rzanymi wzmocnieniami w kolorze br\u0105zowym. Model podr\u00f3\u017cny typu &#8222;weekender&#8221;. Idealna na kr\u00f3tkie wyjazdy, jako baga\u017c podr\u0119czny do samolotu, lub na si\u0142owni\u0119. Komora g\u0142\u00f3wna i jedna zewn\u0119trzna kiesze\u0144\u00a0 zapinane na suwak. Trzy kieszenie wewn\u0119trzne, w tym jedna na suwak. dwie sk\u00f3rzane r\u0105czki, odpinany, regulowany pasek materia\u0142owy na rami\u0119. Szeroko\u015b\u0107 50 cm, wysoko\u015b\u0107 35 cm, g\u0142\u0119boko\u015b\u0107 25 cm.<\/p>\n","protected":false},"excerpt":{"rendered":"<p>Torba podr\u00f3\u017cna TOMMY HILFIGER.<\/p>\n","protected":false},"featured_media":335,"comment_status":"open","ping_status":"closed","template":"","meta":{"_acf_changed":false},"product_brand":[],"product_cat":[94,132],"product_tag":[],"class_list":{"0":"post-340","1":"product","2":"type-product","3":"status-publish","4":"has-post-thumbnail","6":"product_cat-kobieta-dziewczynka","7":"product_cat-torby-i-torebki","9":"first","10":"outofstock","11":"sale","12":"shipping-taxable","13":"purchasable","14":"product-type-simple"},"acf":[],"_links":{"self":[{"href":"https:\/\/komisskarbek.pl\/index.php?rest_route=\/wp\/v2\/product\/340","targetHints":{"allow":["GET"]}}],"collection":[{"href":"https:\/\/komisskarbek.pl\/index.php?rest_route=\/wp\/v2\/product"}],"about":[{"href":"https:\/\/komisskarbek.pl\/index.php?rest_route=\/wp\/v2\/types\/product"}],"replies":[{"embeddable":true,"href":"https:\/\/komisskarbek.pl\/index.php?rest_route=%2Fwp%2Fv2%2Fcomments&post=340"}],"wp:featuredmedia":[{"embeddable":true,"href":"https:\/\/komisskarbek.pl\/index.php?rest_route=\/wp\/v2\/media\/335"}],"wp:attachment":[{"href":"https:\/\/komisskarbek.pl\/index.php?rest_route=%2Fwp%2Fv2%2Fmedia&parent=340"}],"wp:term":[{"taxonomy":"product_brand","embeddable":true,"href":"https:\/\/komisskarbek.pl\/index.php?rest_route=%2Fwp%2Fv2%2Fproduct_brand&post=340"},{"taxonomy":"product_cat","embeddable":true,"href":"https:\/\/komisskarbek.pl\/index.php?rest_route=%2Fwp%2Fv2%2Fproduct_cat&post=340"},{"taxonomy":"product_tag","embeddable":true,"href":"https:\/\/komisskarbek.pl\/index.php?rest_route=%2Fwp%2Fv2%2Fproduct_tag&post=340"}],"curies":[{"name":"wp","href":"https:\/\/api.w.org\/{rel}","templated":true}]}}