{"id":339,"date":"2026-03-03T12:37:02","date_gmt":"2026-03-03T11:37:02","guid":{"rendered":"https:\/\/komisskarbek.pl\/?post_type=product&#038;p=339"},"modified":"2026-03-29T20:26:46","modified_gmt":"2026-03-29T18:26:46","slug":"ciasteczkowy-hipcio","status":"publish","type":"product","link":"https:\/\/komisskarbek.pl\/?product=ciasteczkowy-hipcio","title":{"rendered":"Ciasteczkowy Hipcio"},"content":{"rendered":"<p>Interaktywna zabawka CIASTECZKOWY HIPCIO marki Dumel Discovery, przeznaczona dla dzieci powy\u017cej 12 miesi\u0105ca \u017cycia. Zabawka m\u00f3wi zar\u00f3wno w j\u0119zyku polskim, jak i angielskim. Uczy liczy\u0107, wspomaga rozw\u00f3j zdolno\u015bci manualnych dziecka.Odtwarza zabawne d\u017awi\u0119ki i melodie po naci\u015bni\u0119ciu st\u00f3pki. Hipcio jest g\u0142odny, trzeba nakarmi\u0107 go ciasteczkami i liczy\u0107 razem z nim smako\u0142yki, a potem wyj\u0105\u0107 ciasteczka z brzuszka Hipcia i zabawa tra dalej!<\/p>\n","protected":false},"excerpt":{"rendered":"<p>Interaktywna zabawka CIASTECZKOWY HIPCIO marki Dumel Discovery.<\/p>\n","protected":false},"featured_media":286,"comment_status":"open","ping_status":"closed","template":"","meta":{"_acf_changed":false},"product_brand":[],"product_cat":[109,16],"product_tag":[],"class_list":{"0":"post-339","1":"product","2":"type-product","3":"status-publish","4":"has-post-thumbnail","6":"product_cat-swiat-dziecka","7":"product_cat-zabawki","9":"first","10":"instock","11":"sale","12":"shipping-taxable","13":"purchasable","14":"product-type-simple"},"acf":[],"_links":{"self":[{"href":"https:\/\/komisskarbek.pl\/index.php?rest_route=\/wp\/v2\/product\/339","targetHints":{"allow":["GET"]}}],"collection":[{"href":"https:\/\/komisskarbek.pl\/index.php?rest_route=\/wp\/v2\/product"}],"about":[{"href":"https:\/\/komisskarbek.pl\/index.php?rest_route=\/wp\/v2\/types\/product"}],"replies":[{"embeddable":true,"href":"https:\/\/komisskarbek.pl\/index.php?rest_route=%2Fwp%2Fv2%2Fcomments&post=339"}],"wp:featuredmedia":[{"embeddable":true,"href":"https:\/\/komisskarbek.pl\/index.php?rest_route=\/wp\/v2\/media\/286"}],"wp:attachment":[{"href":"https:\/\/komisskarbek.pl\/index.php?rest_route=%2Fwp%2Fv2%2Fmedia&parent=339"}],"wp:term":[{"taxonomy":"product_brand","embeddable":true,"href":"https:\/\/komisskarbek.pl\/index.php?rest_route=%2Fwp%2Fv2%2Fproduct_brand&post=339"},{"taxonomy":"product_cat","embeddable":true,"href":"https:\/\/komisskarbek.pl\/index.php?rest_route=%2Fwp%2Fv2%2Fproduct_cat&post=339"},{"taxonomy":"product_tag","embeddable":true,"href":"https:\/\/komisskarbek.pl\/index.php?rest_route=%2Fwp%2Fv2%2Fproduct_tag&post=339"}],"curies":[{"name":"wp","href":"https:\/\/api.w.org\/{rel}","templated":true}]}}