{"id":323,"date":"2026-03-01T15:22:54","date_gmt":"2026-03-01T14:22:54","guid":{"rendered":"https:\/\/komisskarbek.pl\/?post_type=product&#038;p=323"},"modified":"2026-03-29T20:25:46","modified_gmt":"2026-03-29T18:25:46","slug":"stojak-edukacyjny","status":"publish","type":"product","link":"https:\/\/komisskarbek.pl\/?product=stojak-edukacyjny","title":{"rendered":"Stojak\/trapez edukacyjny"},"content":{"rendered":"<p>Stojak\/ trapez edukacyjny to zabawka dla niemowl\u0105t. Wykonane z drewna lub plastiku. Stymuluje zmys\u0142y dziecka, zach\u0119ca do chwytania i aktywno\u015bci fizycznej. Budzi ciekawo\u015b\u0107 i zdolno\u015b\u0107 odkrywania.<\/p>\n","protected":false},"excerpt":{"rendered":"<p>Stojak\/ trapez edukacyjny to zabawka dla niemowl\u0105t.<\/p>\n","protected":false},"featured_media":274,"comment_status":"open","ping_status":"closed","template":"","meta":{"_acf_changed":false},"product_brand":[],"product_cat":[109,16],"product_tag":[],"class_list":{"0":"post-323","1":"product","2":"type-product","3":"status-publish","4":"has-post-thumbnail","6":"product_cat-swiat-dziecka","7":"product_cat-zabawki","9":"first","10":"instock","11":"shipping-taxable","12":"purchasable","13":"product-type-variable"},"acf":[],"_links":{"self":[{"href":"https:\/\/komisskarbek.pl\/index.php?rest_route=\/wp\/v2\/product\/323","targetHints":{"allow":["GET"]}}],"collection":[{"href":"https:\/\/komisskarbek.pl\/index.php?rest_route=\/wp\/v2\/product"}],"about":[{"href":"https:\/\/komisskarbek.pl\/index.php?rest_route=\/wp\/v2\/types\/product"}],"replies":[{"embeddable":true,"href":"https:\/\/komisskarbek.pl\/index.php?rest_route=%2Fwp%2Fv2%2Fcomments&post=323"}],"wp:featuredmedia":[{"embeddable":true,"href":"https:\/\/komisskarbek.pl\/index.php?rest_route=\/wp\/v2\/media\/274"}],"wp:attachment":[{"href":"https:\/\/komisskarbek.pl\/index.php?rest_route=%2Fwp%2Fv2%2Fmedia&parent=323"}],"wp:term":[{"taxonomy":"product_brand","embeddable":true,"href":"https:\/\/komisskarbek.pl\/index.php?rest_route=%2Fwp%2Fv2%2Fproduct_brand&post=323"},{"taxonomy":"product_cat","embeddable":true,"href":"https:\/\/komisskarbek.pl\/index.php?rest_route=%2Fwp%2Fv2%2Fproduct_cat&post=323"},{"taxonomy":"product_tag","embeddable":true,"href":"https:\/\/komisskarbek.pl\/index.php?rest_route=%2Fwp%2Fv2%2Fproduct_tag&post=323"}],"curies":[{"name":"wp","href":"https:\/\/api.w.org\/{rel}","templated":true}]}}