{"id":322,"date":"2026-02-25T15:49:56","date_gmt":"2026-02-25T14:49:56","guid":{"rendered":"https:\/\/komisskarbek.pl\/?post_type=product&#038;p=322"},"modified":"2026-03-29T20:22:34","modified_gmt":"2026-03-29T18:22:34","slug":"klocki","status":"publish","type":"product","link":"https:\/\/komisskarbek.pl\/?product=klocki","title":{"rendered":"Klocki"},"content":{"rendered":"<p>Zestaw klock\u00f3w konstrukcyjnych TOY LINO &#8211; Ocean, sk\u0142adaj\u0105cy si\u0119 ze 132 element\u00f3w. Klocki pozwalaj\u0105 na budowanie morskich krajobraz\u00f3w, kwiat\u00f3w i innych kreatywnych konstrukcji. Przeznaczone dla dzieci powy\u017cej 3 roku \u017cycia.<\/p>\n","protected":false},"excerpt":{"rendered":"<p>Zestaw klock\u00f3w konstrukcyjnych TOY LINO &#8211; Ocean.<\/p>\n","protected":false},"featured_media":278,"comment_status":"open","ping_status":"closed","template":"","meta":{"_acf_changed":false},"product_brand":[],"product_cat":[109,16],"product_tag":[],"class_list":{"0":"post-322","1":"product","2":"type-product","3":"status-publish","4":"has-post-thumbnail","6":"product_cat-swiat-dziecka","7":"product_cat-zabawki","9":"first","10":"instock","11":"shipping-taxable","12":"purchasable","13":"product-type-simple"},"acf":[],"_links":{"self":[{"href":"https:\/\/komisskarbek.pl\/index.php?rest_route=\/wp\/v2\/product\/322","targetHints":{"allow":["GET"]}}],"collection":[{"href":"https:\/\/komisskarbek.pl\/index.php?rest_route=\/wp\/v2\/product"}],"about":[{"href":"https:\/\/komisskarbek.pl\/index.php?rest_route=\/wp\/v2\/types\/product"}],"replies":[{"embeddable":true,"href":"https:\/\/komisskarbek.pl\/index.php?rest_route=%2Fwp%2Fv2%2Fcomments&post=322"}],"wp:featuredmedia":[{"embeddable":true,"href":"https:\/\/komisskarbek.pl\/index.php?rest_route=\/wp\/v2\/media\/278"}],"wp:attachment":[{"href":"https:\/\/komisskarbek.pl\/index.php?rest_route=%2Fwp%2Fv2%2Fmedia&parent=322"}],"wp:term":[{"taxonomy":"product_brand","embeddable":true,"href":"https:\/\/komisskarbek.pl\/index.php?rest_route=%2Fwp%2Fv2%2Fproduct_brand&post=322"},{"taxonomy":"product_cat","embeddable":true,"href":"https:\/\/komisskarbek.pl\/index.php?rest_route=%2Fwp%2Fv2%2Fproduct_cat&post=322"},{"taxonomy":"product_tag","embeddable":true,"href":"https:\/\/komisskarbek.pl\/index.php?rest_route=%2Fwp%2Fv2%2Fproduct_tag&post=322"}],"curies":[{"name":"wp","href":"https:\/\/api.w.org\/{rel}","templated":true}]}}