{"id":321,"date":"2026-02-25T15:39:15","date_gmt":"2026-02-25T14:39:15","guid":{"rendered":"https:\/\/komisskarbek.pl\/?post_type=product&#038;p=321"},"modified":"2026-03-29T20:21:02","modified_gmt":"2026-03-29T18:21:02","slug":"otulacz","status":"publish","type":"product","link":"https:\/\/komisskarbek.pl\/?product=otulacz","title":{"rendered":"Otulacz"},"content":{"rendered":"<p>Polarowy otulacz (kocyk, \u015bpiworek) do fotelika samochodowego lub w\u00f3zka marki BYBOOM. Kolor ciemnoszary, wewn\u0105trz turkusowy. Na przedniej cz\u0119\u015bci wz\u00f3r misia, kaptur regulowany \u015bci\u0105gaczem, kt\u00f3ry chroni g\u0142\u00f3wk\u0119 dziecka. Ma otwory na pasy, co umo\u017cliwia bezpieczne zapi\u0119cie dziecka. Materia\u0142 polarowy zapewnia ciep\u0142o w ch\u0142odne dni.<\/p>\n","protected":false},"excerpt":{"rendered":"<p>Polarowy otulacz (kocyk, \u015bpiworek).<\/p>\n","protected":false},"featured_media":281,"comment_status":"open","ping_status":"closed","template":"","meta":{"_acf_changed":false},"product_brand":[],"product_cat":[111,109],"product_tag":[],"class_list":{"0":"post-321","1":"product","2":"type-product","3":"status-publish","4":"has-post-thumbnail","6":"product_cat-akcesoria-dzieciece-niemowlece","7":"product_cat-swiat-dziecka","9":"first","10":"instock","11":"shipping-taxable","12":"purchasable","13":"product-type-simple"},"acf":[],"_links":{"self":[{"href":"https:\/\/komisskarbek.pl\/index.php?rest_route=\/wp\/v2\/product\/321","targetHints":{"allow":["GET"]}}],"collection":[{"href":"https:\/\/komisskarbek.pl\/index.php?rest_route=\/wp\/v2\/product"}],"about":[{"href":"https:\/\/komisskarbek.pl\/index.php?rest_route=\/wp\/v2\/types\/product"}],"replies":[{"embeddable":true,"href":"https:\/\/komisskarbek.pl\/index.php?rest_route=%2Fwp%2Fv2%2Fcomments&post=321"}],"wp:featuredmedia":[{"embeddable":true,"href":"https:\/\/komisskarbek.pl\/index.php?rest_route=\/wp\/v2\/media\/281"}],"wp:attachment":[{"href":"https:\/\/komisskarbek.pl\/index.php?rest_route=%2Fwp%2Fv2%2Fmedia&parent=321"}],"wp:term":[{"taxonomy":"product_brand","embeddable":true,"href":"https:\/\/komisskarbek.pl\/index.php?rest_route=%2Fwp%2Fv2%2Fproduct_brand&post=321"},{"taxonomy":"product_cat","embeddable":true,"href":"https:\/\/komisskarbek.pl\/index.php?rest_route=%2Fwp%2Fv2%2Fproduct_cat&post=321"},{"taxonomy":"product_tag","embeddable":true,"href":"https:\/\/komisskarbek.pl\/index.php?rest_route=%2Fwp%2Fv2%2Fproduct_tag&post=321"}],"curies":[{"name":"wp","href":"https:\/\/api.w.org\/{rel}","templated":true}]}}