{"id":319,"date":"2026-02-25T15:04:01","date_gmt":"2026-02-25T14:04:01","guid":{"rendered":"https:\/\/komisskarbek.pl\/?post_type=product&#038;p=319"},"modified":"2026-03-29T20:20:24","modified_gmt":"2026-03-29T18:20:24","slug":"kurtka-mlodziezowa","status":"publish","type":"product","link":"https:\/\/komisskarbek.pl\/?product=kurtka-mlodziezowa","title":{"rendered":"Kurtka m\u0142odzie\u017cowa"},"content":{"rendered":"<p>Dwukolorowa, pikowana kurtka z kapturem typu puffer marki ONLY. G\u00f3ra w kolorze czarnym, d\u00f3\u0142 w kolorze kremowym. Zapinana na zamek, dwie boczne kieszenie. Rozmiar XS.<\/p>\n","protected":false},"excerpt":{"rendered":"<p>Dwukolorowa, pikowana kurtka z kapturem.<\/p>\n","protected":false},"featured_media":306,"comment_status":"open","ping_status":"closed","template":"","meta":{"_acf_changed":false},"product_brand":[],"product_cat":[131,108],"product_tag":[],"class_list":{"0":"post-319","1":"product","2":"type-product","3":"status-publish","4":"has-post-thumbnail","6":"product_cat-kurtki-mezczyzna","7":"product_cat-mezczyzna-chlopiec","8":"pa_kolor-bialy","9":"pa_kolor-czarny","11":"first","12":"outofstock","13":"shipping-taxable","14":"purchasable","15":"product-type-simple"},"acf":[],"_links":{"self":[{"href":"https:\/\/komisskarbek.pl\/index.php?rest_route=\/wp\/v2\/product\/319","targetHints":{"allow":["GET"]}}],"collection":[{"href":"https:\/\/komisskarbek.pl\/index.php?rest_route=\/wp\/v2\/product"}],"about":[{"href":"https:\/\/komisskarbek.pl\/index.php?rest_route=\/wp\/v2\/types\/product"}],"replies":[{"embeddable":true,"href":"https:\/\/komisskarbek.pl\/index.php?rest_route=%2Fwp%2Fv2%2Fcomments&post=319"}],"wp:featuredmedia":[{"embeddable":true,"href":"https:\/\/komisskarbek.pl\/index.php?rest_route=\/wp\/v2\/media\/306"}],"wp:attachment":[{"href":"https:\/\/komisskarbek.pl\/index.php?rest_route=%2Fwp%2Fv2%2Fmedia&parent=319"}],"wp:term":[{"taxonomy":"product_brand","embeddable":true,"href":"https:\/\/komisskarbek.pl\/index.php?rest_route=%2Fwp%2Fv2%2Fproduct_brand&post=319"},{"taxonomy":"product_cat","embeddable":true,"href":"https:\/\/komisskarbek.pl\/index.php?rest_route=%2Fwp%2Fv2%2Fproduct_cat&post=319"},{"taxonomy":"product_tag","embeddable":true,"href":"https:\/\/komisskarbek.pl\/index.php?rest_route=%2Fwp%2Fv2%2Fproduct_tag&post=319"}],"curies":[{"name":"wp","href":"https:\/\/api.w.org\/{rel}","templated":true}]}}