{"id":318,"date":"2026-02-25T15:02:08","date_gmt":"2026-02-25T14:02:08","guid":{"rendered":"https:\/\/komisskarbek.pl\/?post_type=product&#038;p=318"},"modified":"2026-03-29T20:16:42","modified_gmt":"2026-03-29T18:16:42","slug":"kurtka-motocyklowa","status":"publish","type":"product","link":"https:\/\/komisskarbek.pl\/?product=kurtka-motocyklowa","title":{"rendered":"Kurtka motocyklowa"},"content":{"rendered":"<p>Damska kurtka motocyklowa marki CRIVIT. Posiada liczne kieszenie przednie oraz regulowany pasek w talii do lepszego dopasowania. Wyposa\u017cona w odpinan\u0105 podpink\u0119 polarow\u0105, charakterystyczne bia\u0142e odblaskowe szwy. Rozmiar 36\/38.<\/p>\n","protected":false},"excerpt":{"rendered":"<p>Damska kurtka motocyklowa marki CRIVIT.<\/p>\n","protected":false},"featured_media":308,"comment_status":"open","ping_status":"closed","template":"","meta":{"_acf_changed":false},"product_brand":[],"product_cat":[94,98],"product_tag":[],"class_list":{"0":"post-318","1":"product","2":"type-product","3":"status-publish","4":"has-post-thumbnail","6":"product_cat-kobieta-dziewczynka","7":"product_cat-kurtki","8":"pa_kolor-czarny","10":"first","11":"instock","12":"sale","13":"shipping-taxable","14":"purchasable","15":"product-type-simple"},"acf":[],"_links":{"self":[{"href":"https:\/\/komisskarbek.pl\/index.php?rest_route=\/wp\/v2\/product\/318","targetHints":{"allow":["GET"]}}],"collection":[{"href":"https:\/\/komisskarbek.pl\/index.php?rest_route=\/wp\/v2\/product"}],"about":[{"href":"https:\/\/komisskarbek.pl\/index.php?rest_route=\/wp\/v2\/types\/product"}],"replies":[{"embeddable":true,"href":"https:\/\/komisskarbek.pl\/index.php?rest_route=%2Fwp%2Fv2%2Fcomments&post=318"}],"wp:featuredmedia":[{"embeddable":true,"href":"https:\/\/komisskarbek.pl\/index.php?rest_route=\/wp\/v2\/media\/308"}],"wp:attachment":[{"href":"https:\/\/komisskarbek.pl\/index.php?rest_route=%2Fwp%2Fv2%2Fmedia&parent=318"}],"wp:term":[{"taxonomy":"product_brand","embeddable":true,"href":"https:\/\/komisskarbek.pl\/index.php?rest_route=%2Fwp%2Fv2%2Fproduct_brand&post=318"},{"taxonomy":"product_cat","embeddable":true,"href":"https:\/\/komisskarbek.pl\/index.php?rest_route=%2Fwp%2Fv2%2Fproduct_cat&post=318"},{"taxonomy":"product_tag","embeddable":true,"href":"https:\/\/komisskarbek.pl\/index.php?rest_route=%2Fwp%2Fv2%2Fproduct_tag&post=318"}],"curies":[{"name":"wp","href":"https:\/\/api.w.org\/{rel}","templated":true}]}}