{"id":316,"date":"2026-02-25T14:45:31","date_gmt":"2026-02-25T13:45:31","guid":{"rendered":"https:\/\/komisskarbek.pl\/?post_type=product&#038;p=316"},"modified":"2026-03-29T20:15:38","modified_gmt":"2026-03-29T18:15:38","slug":"plaszcz-mlodziezowy","status":"publish","type":"product","link":"https:\/\/komisskarbek.pl\/?product=plaszcz-mlodziezowy","title":{"rendered":"P\u0142aszcz m\u0142odzie\u017cowy"},"content":{"rendered":"<p>P\u0142aszcz &#8211; ciemnoszary marki ZARA. Klasyczny kr\u00f3j z ko\u0142nierzem z klapami. Jednorz\u0119dowe zapi\u0119cie na guziki, 2 kieszenie z przodu. Wiek 13-14 lat, 164 cm wzrostu. Jest to artyku\u0142 zar\u00f3wno dla dziewczyn i ch\u0142opc\u00f3w, uniwersalny ze wzgl\u0119du neutralny na kolor i kr\u00f3j.<\/p>\n","protected":false},"excerpt":{"rendered":"<p>P\u0142aszcz &#8211; ciemnoszary marki ZARA<\/p>\n","protected":false},"featured_media":302,"comment_status":"open","ping_status":"closed","template":"","meta":{"_acf_changed":false},"product_brand":[],"product_cat":[94,108,99,130],"product_tag":[],"class_list":{"0":"post-316","1":"product","2":"type-product","3":"status-publish","4":"has-post-thumbnail","6":"product_cat-kobieta-dziewczynka","7":"product_cat-mezczyzna-chlopiec","8":"product_cat-plaszcze","9":"product_cat-plaszcze-mezczyzna","10":"pa_kolor-ciemnoszary","12":"first","13":"instock","14":"sale","15":"shipping-taxable","16":"purchasable","17":"product-type-simple"},"acf":[],"_links":{"self":[{"href":"https:\/\/komisskarbek.pl\/index.php?rest_route=\/wp\/v2\/product\/316","targetHints":{"allow":["GET"]}}],"collection":[{"href":"https:\/\/komisskarbek.pl\/index.php?rest_route=\/wp\/v2\/product"}],"about":[{"href":"https:\/\/komisskarbek.pl\/index.php?rest_route=\/wp\/v2\/types\/product"}],"replies":[{"embeddable":true,"href":"https:\/\/komisskarbek.pl\/index.php?rest_route=%2Fwp%2Fv2%2Fcomments&post=316"}],"wp:featuredmedia":[{"embeddable":true,"href":"https:\/\/komisskarbek.pl\/index.php?rest_route=\/wp\/v2\/media\/302"}],"wp:attachment":[{"href":"https:\/\/komisskarbek.pl\/index.php?rest_route=%2Fwp%2Fv2%2Fmedia&parent=316"}],"wp:term":[{"taxonomy":"product_brand","embeddable":true,"href":"https:\/\/komisskarbek.pl\/index.php?rest_route=%2Fwp%2Fv2%2Fproduct_brand&post=316"},{"taxonomy":"product_cat","embeddable":true,"href":"https:\/\/komisskarbek.pl\/index.php?rest_route=%2Fwp%2Fv2%2Fproduct_cat&post=316"},{"taxonomy":"product_tag","embeddable":true,"href":"https:\/\/komisskarbek.pl\/index.php?rest_route=%2Fwp%2Fv2%2Fproduct_tag&post=316"}],"curies":[{"name":"wp","href":"https:\/\/api.w.org\/{rel}","templated":true}]}}