{"id":315,"date":"2026-02-25T14:38:11","date_gmt":"2026-02-25T13:38:11","guid":{"rendered":"https:\/\/komisskarbek.pl\/?post_type=product&#038;p=315"},"modified":"2026-03-29T20:12:44","modified_gmt":"2026-03-29T18:12:44","slug":"deska-edukacyjna","status":"publish","type":"product","link":"https:\/\/komisskarbek.pl\/?product=deska-edukacyjna","title":{"rendered":"Deska edukacyjna"},"content":{"rendered":"<p>Zabawka edukacyjna &#8211; drewniana deska do balansowania, kt\u00f3ra s\u0142u\u017cy do \u0107wiczenia r\u00f3wnowagi i koordynacji ruchowej. Wspomaga rozw\u00f3j fizyczny i buduje pewno\u015b\u0107 siebie. Mo\u017ce s\u0142u\u017cy\u0107 jako bujak, element toru przeszk\u00f3d, jak r\u00f3wnie\u017c do siedzenia.<\/p>\n","protected":false},"excerpt":{"rendered":"<p>Drewniana deska do balansowania<\/p>\n","protected":false},"featured_media":314,"comment_status":"open","ping_status":"closed","template":"","meta":{"_acf_changed":false},"product_brand":[],"product_cat":[109,16],"product_tag":[],"class_list":{"0":"post-315","1":"product","2":"type-product","3":"status-publish","4":"has-post-thumbnail","6":"product_cat-swiat-dziecka","7":"product_cat-zabawki","9":"first","10":"instock","11":"shipping-taxable","12":"purchasable","13":"product-type-simple"},"acf":[],"_links":{"self":[{"href":"https:\/\/komisskarbek.pl\/index.php?rest_route=\/wp\/v2\/product\/315","targetHints":{"allow":["GET"]}}],"collection":[{"href":"https:\/\/komisskarbek.pl\/index.php?rest_route=\/wp\/v2\/product"}],"about":[{"href":"https:\/\/komisskarbek.pl\/index.php?rest_route=\/wp\/v2\/types\/product"}],"replies":[{"embeddable":true,"href":"https:\/\/komisskarbek.pl\/index.php?rest_route=%2Fwp%2Fv2%2Fcomments&post=315"}],"wp:featuredmedia":[{"embeddable":true,"href":"https:\/\/komisskarbek.pl\/index.php?rest_route=\/wp\/v2\/media\/314"}],"wp:attachment":[{"href":"https:\/\/komisskarbek.pl\/index.php?rest_route=%2Fwp%2Fv2%2Fmedia&parent=315"}],"wp:term":[{"taxonomy":"product_brand","embeddable":true,"href":"https:\/\/komisskarbek.pl\/index.php?rest_route=%2Fwp%2Fv2%2Fproduct_brand&post=315"},{"taxonomy":"product_cat","embeddable":true,"href":"https:\/\/komisskarbek.pl\/index.php?rest_route=%2Fwp%2Fv2%2Fproduct_cat&post=315"},{"taxonomy":"product_tag","embeddable":true,"href":"https:\/\/komisskarbek.pl\/index.php?rest_route=%2Fwp%2Fv2%2Fproduct_tag&post=315"}],"curies":[{"name":"wp","href":"https:\/\/api.w.org\/{rel}","templated":true}]}}