{"id":270,"date":"2026-02-17T12:47:13","date_gmt":"2026-02-17T11:47:13","guid":{"rendered":"https:\/\/komisskarbek.pl\/?post_type=product&#038;p=270"},"modified":"2026-03-29T20:11:34","modified_gmt":"2026-03-29T18:11:34","slug":"wozek-3w1-baby-design","status":"publish","type":"product","link":"https:\/\/komisskarbek.pl\/?product=wozek-3w1-baby-design","title":{"rendered":"W\u00f3zek 3w1 BABY DESIGN"},"content":{"rendered":"<p>W\u00f3zek BABY DESIGN wielofunkcyjny, lekki, ko\u0142a pompowane i amortyzowane. W sk\u0142ad wchodzi gondola, spacer\u00f3wka, fotelik, adaptery, torba na akcesoria. Dodatkowo ciep\u0142y \u015bpiworek do w\u00f3zka lub na sanki.<\/p>\n","protected":false},"excerpt":{"rendered":"<p>Wielofunkcyjny w\u00f3zek BABY DESIGN 3w1.<\/p>\n","protected":false},"featured_media":259,"comment_status":"open","ping_status":"closed","template":"","meta":{"_acf_changed":false},"product_brand":[],"product_cat":[111,109],"product_tag":[],"class_list":{"0":"post-270","1":"product","2":"type-product","3":"status-publish","4":"has-post-thumbnail","6":"product_cat-akcesoria-dzieciece-niemowlece","7":"product_cat-swiat-dziecka","9":"first","10":"instock","11":"sale","12":"shipping-taxable","13":"purchasable","14":"product-type-simple"},"acf":[],"_links":{"self":[{"href":"https:\/\/komisskarbek.pl\/index.php?rest_route=\/wp\/v2\/product\/270","targetHints":{"allow":["GET"]}}],"collection":[{"href":"https:\/\/komisskarbek.pl\/index.php?rest_route=\/wp\/v2\/product"}],"about":[{"href":"https:\/\/komisskarbek.pl\/index.php?rest_route=\/wp\/v2\/types\/product"}],"replies":[{"embeddable":true,"href":"https:\/\/komisskarbek.pl\/index.php?rest_route=%2Fwp%2Fv2%2Fcomments&post=270"}],"wp:featuredmedia":[{"embeddable":true,"href":"https:\/\/komisskarbek.pl\/index.php?rest_route=\/wp\/v2\/media\/259"}],"wp:attachment":[{"href":"https:\/\/komisskarbek.pl\/index.php?rest_route=%2Fwp%2Fv2%2Fmedia&parent=270"}],"wp:term":[{"taxonomy":"product_brand","embeddable":true,"href":"https:\/\/komisskarbek.pl\/index.php?rest_route=%2Fwp%2Fv2%2Fproduct_brand&post=270"},{"taxonomy":"product_cat","embeddable":true,"href":"https:\/\/komisskarbek.pl\/index.php?rest_route=%2Fwp%2Fv2%2Fproduct_cat&post=270"},{"taxonomy":"product_tag","embeddable":true,"href":"https:\/\/komisskarbek.pl\/index.php?rest_route=%2Fwp%2Fv2%2Fproduct_tag&post=270"}],"curies":[{"name":"wp","href":"https:\/\/api.w.org\/{rel}","templated":true}]}}