{"id":269,"date":"2026-02-17T12:24:02","date_gmt":"2026-02-17T11:24:02","guid":{"rendered":"https:\/\/komisskarbek.pl\/?post_type=product&#038;p=269"},"modified":"2026-03-29T20:10:43","modified_gmt":"2026-03-29T18:10:43","slug":"spiworek","status":"publish","type":"product","link":"https:\/\/komisskarbek.pl\/?product=spiworek","title":{"rendered":"\u015apiworek"},"content":{"rendered":"<p>\u015apiworek idealny do w\u00f3zka,sanek lub fotelika samochodowego. Bardzo ciep\u0142y, wn\u0119trze futerkowe zapewnia ciep\u0142o\u00a0 \u00a0 \u00a0 \u00a0 \u00a0 \u00a0 i ochron\u0119 przed wiatrem. Posiada otwory umo\u017cliwiaj\u0105ce zapi\u0119cie dziecka pasami.<\/p>\n","protected":false},"excerpt":{"rendered":"<p>\u015apiworek idealny do w\u00f3zka,sanek lub fotelika samochodowego.<\/p>\n","protected":false},"featured_media":262,"comment_status":"open","ping_status":"closed","template":"","meta":{"_acf_changed":false},"product_brand":[],"product_cat":[111,109],"product_tag":[],"class_list":{"0":"post-269","1":"product","2":"type-product","3":"status-publish","4":"has-post-thumbnail","6":"product_cat-akcesoria-dzieciece-niemowlece","7":"product_cat-swiat-dziecka","9":"first","10":"instock","11":"sale","12":"shipping-taxable","13":"purchasable","14":"product-type-simple"},"acf":[],"_links":{"self":[{"href":"https:\/\/komisskarbek.pl\/index.php?rest_route=\/wp\/v2\/product\/269","targetHints":{"allow":["GET"]}}],"collection":[{"href":"https:\/\/komisskarbek.pl\/index.php?rest_route=\/wp\/v2\/product"}],"about":[{"href":"https:\/\/komisskarbek.pl\/index.php?rest_route=\/wp\/v2\/types\/product"}],"replies":[{"embeddable":true,"href":"https:\/\/komisskarbek.pl\/index.php?rest_route=%2Fwp%2Fv2%2Fcomments&post=269"}],"wp:featuredmedia":[{"embeddable":true,"href":"https:\/\/komisskarbek.pl\/index.php?rest_route=\/wp\/v2\/media\/262"}],"wp:attachment":[{"href":"https:\/\/komisskarbek.pl\/index.php?rest_route=%2Fwp%2Fv2%2Fmedia&parent=269"}],"wp:term":[{"taxonomy":"product_brand","embeddable":true,"href":"https:\/\/komisskarbek.pl\/index.php?rest_route=%2Fwp%2Fv2%2Fproduct_brand&post=269"},{"taxonomy":"product_cat","embeddable":true,"href":"https:\/\/komisskarbek.pl\/index.php?rest_route=%2Fwp%2Fv2%2Fproduct_cat&post=269"},{"taxonomy":"product_tag","embeddable":true,"href":"https:\/\/komisskarbek.pl\/index.php?rest_route=%2Fwp%2Fv2%2Fproduct_tag&post=269"}],"curies":[{"name":"wp","href":"https:\/\/api.w.org\/{rel}","templated":true}]}}