{"id":266,"date":"2026-02-17T11:08:39","date_gmt":"2026-02-17T10:08:39","guid":{"rendered":"https:\/\/komisskarbek.pl\/?post_type=product&#038;p=266"},"modified":"2026-03-29T20:09:21","modified_gmt":"2026-03-29T18:09:21","slug":"kokon-niemowlecy-2","status":"publish","type":"product","link":"https:\/\/komisskarbek.pl\/?product=kokon-niemowlecy-2","title":{"rendered":"Kokon niemowl\u0119cy du\u017cy"},"content":{"rendered":"<p>Kokony niemowl\u0119ce przeznaczone s\u0105 dla niemowl\u0105t od pierwszych dni \u017cycia a\u017c do nawet 8 miesi\u0105ca. Zapewniaj\u0105 poczucie bezpiecze\u0144stwa, daj\u0105 namiastk\u0119 tego co dziecko czu\u0142o przez 9 miesi\u0119cy przed pojawieniem si\u0119 na \u015bwiecie. Rozmiar 85&#215;65 cm.<\/p>\n","protected":false},"excerpt":{"rendered":"<p>Kokony niemowl\u0119ce przeznaczone s\u0105 dla niemowl\u0105t od pierwszych dni \u017cycia.<\/p>\n","protected":false},"featured_media":252,"comment_status":"open","ping_status":"closed","template":"","meta":{"_acf_changed":false},"product_brand":[],"product_cat":[111,109],"product_tag":[],"class_list":{"0":"post-266","1":"product","2":"type-product","3":"status-publish","4":"has-post-thumbnail","6":"product_cat-akcesoria-dzieciece-niemowlece","7":"product_cat-swiat-dziecka","9":"first","10":"outofstock","11":"shipping-taxable","12":"purchasable","13":"product-type-simple"},"acf":[],"_links":{"self":[{"href":"https:\/\/komisskarbek.pl\/index.php?rest_route=\/wp\/v2\/product\/266","targetHints":{"allow":["GET"]}}],"collection":[{"href":"https:\/\/komisskarbek.pl\/index.php?rest_route=\/wp\/v2\/product"}],"about":[{"href":"https:\/\/komisskarbek.pl\/index.php?rest_route=\/wp\/v2\/types\/product"}],"replies":[{"embeddable":true,"href":"https:\/\/komisskarbek.pl\/index.php?rest_route=%2Fwp%2Fv2%2Fcomments&post=266"}],"wp:featuredmedia":[{"embeddable":true,"href":"https:\/\/komisskarbek.pl\/index.php?rest_route=\/wp\/v2\/media\/252"}],"wp:attachment":[{"href":"https:\/\/komisskarbek.pl\/index.php?rest_route=%2Fwp%2Fv2%2Fmedia&parent=266"}],"wp:term":[{"taxonomy":"product_brand","embeddable":true,"href":"https:\/\/komisskarbek.pl\/index.php?rest_route=%2Fwp%2Fv2%2Fproduct_brand&post=266"},{"taxonomy":"product_cat","embeddable":true,"href":"https:\/\/komisskarbek.pl\/index.php?rest_route=%2Fwp%2Fv2%2Fproduct_cat&post=266"},{"taxonomy":"product_tag","embeddable":true,"href":"https:\/\/komisskarbek.pl\/index.php?rest_route=%2Fwp%2Fv2%2Fproduct_tag&post=266"}],"curies":[{"name":"wp","href":"https:\/\/api.w.org\/{rel}","templated":true}]}}