{"id":249,"date":"2026-02-16T11:33:15","date_gmt":"2026-02-16T10:33:15","guid":{"rendered":"https:\/\/komisskarbek.pl\/?post_type=product&#038;p=249"},"modified":"2026-03-29T20:07:52","modified_gmt":"2026-03-29T18:07:52","slug":"garnitur-mlodziezowy","status":"publish","type":"product","link":"https:\/\/komisskarbek.pl\/?product=garnitur-mlodziezowy","title":{"rendered":"Garnitur m\u0142odzie\u017cowy"},"content":{"rendered":"<p>Klasyczny garnitur w kolorze granatowym Giacomo Conti, rozmiar 170\/88\/82. Tkanina 70%poliester, 30% wiskoza. Podszewka 100% poliester. Doskona\u0142y na bierzmowanie, \u015blub i inne uroczysto\u015bci. W bardzo dobrym stanie.<\/p>\n","protected":false},"excerpt":{"rendered":"<p>Klasyczny garnitur w kolorze granatowym Giacomo Conti.<\/p>\n","protected":false},"featured_media":244,"comment_status":"open","ping_status":"closed","template":"","meta":{"_acf_changed":false},"product_brand":[],"product_cat":[128,108],"product_tag":[],"class_list":{"0":"post-249","1":"product","2":"type-product","3":"status-publish","4":"has-post-thumbnail","6":"product_cat-garnitury-i-marynarki","7":"product_cat-mezczyzna-chlopiec","8":"pa_kolor-granatowy","10":"first","11":"instock","12":"shipping-taxable","13":"purchasable","14":"product-type-simple"},"acf":[],"_links":{"self":[{"href":"https:\/\/komisskarbek.pl\/index.php?rest_route=\/wp\/v2\/product\/249","targetHints":{"allow":["GET"]}}],"collection":[{"href":"https:\/\/komisskarbek.pl\/index.php?rest_route=\/wp\/v2\/product"}],"about":[{"href":"https:\/\/komisskarbek.pl\/index.php?rest_route=\/wp\/v2\/types\/product"}],"replies":[{"embeddable":true,"href":"https:\/\/komisskarbek.pl\/index.php?rest_route=%2Fwp%2Fv2%2Fcomments&post=249"}],"wp:featuredmedia":[{"embeddable":true,"href":"https:\/\/komisskarbek.pl\/index.php?rest_route=\/wp\/v2\/media\/244"}],"wp:attachment":[{"href":"https:\/\/komisskarbek.pl\/index.php?rest_route=%2Fwp%2Fv2%2Fmedia&parent=249"}],"wp:term":[{"taxonomy":"product_brand","embeddable":true,"href":"https:\/\/komisskarbek.pl\/index.php?rest_route=%2Fwp%2Fv2%2Fproduct_brand&post=249"},{"taxonomy":"product_cat","embeddable":true,"href":"https:\/\/komisskarbek.pl\/index.php?rest_route=%2Fwp%2Fv2%2Fproduct_cat&post=249"},{"taxonomy":"product_tag","embeddable":true,"href":"https:\/\/komisskarbek.pl\/index.php?rest_route=%2Fwp%2Fv2%2Fproduct_tag&post=249"}],"curies":[{"name":"wp","href":"https:\/\/api.w.org\/{rel}","templated":true}]}}