{"id":198,"date":"2026-02-11T14:11:47","date_gmt":"2026-02-11T13:11:47","guid":{"rendered":"https:\/\/komisskarbek.pl\/?post_type=product&#038;p=198"},"modified":"2026-03-29T19:58:27","modified_gmt":"2026-03-29T17:58:27","slug":"lyzwy-3","status":"publish","type":"product","link":"https:\/\/komisskarbek.pl\/?product=lyzwy-3","title":{"rendered":"\u0141y\u017cwy"},"content":{"rendered":"<p>Czarne, sk\u00f3rzane \u0142y\u017cwy figurowe marki POLSPORT.\u00a0 Przeznaczone do jazdy figurowej, ta\u0144ca i ewolucji na lodzie.<\/p>\n","protected":false},"excerpt":{"rendered":"<p>Czarne, sk\u00f3rzane \u0142y\u017cwy figurowe marki POLSPORT<\/p>\n","protected":false},"featured_media":194,"comment_status":"open","ping_status":"closed","template":"","meta":{"_acf_changed":false},"product_brand":[],"product_cat":[94,122],"product_tag":[],"class_list":{"0":"post-198","1":"product","2":"type-product","3":"status-publish","4":"has-post-thumbnail","6":"product_cat-kobieta-dziewczynka","7":"product_cat-lyzwy-kobieta","8":"pa_kolor-czarny","10":"first","11":"instock","12":"shipping-taxable","13":"purchasable","14":"product-type-simple"},"acf":[],"_links":{"self":[{"href":"https:\/\/komisskarbek.pl\/index.php?rest_route=\/wp\/v2\/product\/198","targetHints":{"allow":["GET"]}}],"collection":[{"href":"https:\/\/komisskarbek.pl\/index.php?rest_route=\/wp\/v2\/product"}],"about":[{"href":"https:\/\/komisskarbek.pl\/index.php?rest_route=\/wp\/v2\/types\/product"}],"replies":[{"embeddable":true,"href":"https:\/\/komisskarbek.pl\/index.php?rest_route=%2Fwp%2Fv2%2Fcomments&post=198"}],"wp:featuredmedia":[{"embeddable":true,"href":"https:\/\/komisskarbek.pl\/index.php?rest_route=\/wp\/v2\/media\/194"}],"wp:attachment":[{"href":"https:\/\/komisskarbek.pl\/index.php?rest_route=%2Fwp%2Fv2%2Fmedia&parent=198"}],"wp:term":[{"taxonomy":"product_brand","embeddable":true,"href":"https:\/\/komisskarbek.pl\/index.php?rest_route=%2Fwp%2Fv2%2Fproduct_brand&post=198"},{"taxonomy":"product_cat","embeddable":true,"href":"https:\/\/komisskarbek.pl\/index.php?rest_route=%2Fwp%2Fv2%2Fproduct_cat&post=198"},{"taxonomy":"product_tag","embeddable":true,"href":"https:\/\/komisskarbek.pl\/index.php?rest_route=%2Fwp%2Fv2%2Fproduct_tag&post=198"}],"curies":[{"name":"wp","href":"https:\/\/api.w.org\/{rel}","templated":true}]}}