{"id":187,"date":"2026-02-10T15:16:33","date_gmt":"2026-02-10T14:16:33","guid":{"rendered":"https:\/\/komisskarbek.pl\/?post_type=product&#038;p=187"},"modified":"2026-03-29T19:36:52","modified_gmt":"2026-03-29T17:36:52","slug":"gra-spadajace-dinozaury","status":"publish","type":"product","link":"https:\/\/komisskarbek.pl\/?product=gra-spadajace-dinozaury","title":{"rendered":"Gra &#8211; spadaj\u0105ce dinozaury"},"content":{"rendered":"<p>Gra zr\u0119czno\u015bciowa spadaj\u0105ce dinozaury polega na tym, by nie pozwoli\u0107 spa\u015b\u0107 dinozaurom na d\u00f3\u0142. Rozwija koordynacj\u0119 ruchow\u0105 i spostrzegawczo\u015b\u0107.<\/p>\n","protected":false},"excerpt":{"rendered":"<p>Gra zr\u0119czno\u015bciowa spadaj\u0105ce dinozaury<\/p>\n","protected":false},"featured_media":174,"comment_status":"open","ping_status":"closed","template":"","meta":{"_acf_changed":false},"product_brand":[],"product_cat":[125,109],"product_tag":[],"class_list":{"0":"post-187","1":"product","2":"type-product","3":"status-publish","4":"has-post-thumbnail","6":"product_cat-gry-planszowe","7":"product_cat-swiat-dziecka","9":"first","10":"instock","11":"shipping-taxable","12":"purchasable","13":"product-type-simple"},"acf":[],"_links":{"self":[{"href":"https:\/\/komisskarbek.pl\/index.php?rest_route=\/wp\/v2\/product\/187","targetHints":{"allow":["GET"]}}],"collection":[{"href":"https:\/\/komisskarbek.pl\/index.php?rest_route=\/wp\/v2\/product"}],"about":[{"href":"https:\/\/komisskarbek.pl\/index.php?rest_route=\/wp\/v2\/types\/product"}],"replies":[{"embeddable":true,"href":"https:\/\/komisskarbek.pl\/index.php?rest_route=%2Fwp%2Fv2%2Fcomments&post=187"}],"wp:featuredmedia":[{"embeddable":true,"href":"https:\/\/komisskarbek.pl\/index.php?rest_route=\/wp\/v2\/media\/174"}],"wp:attachment":[{"href":"https:\/\/komisskarbek.pl\/index.php?rest_route=%2Fwp%2Fv2%2Fmedia&parent=187"}],"wp:term":[{"taxonomy":"product_brand","embeddable":true,"href":"https:\/\/komisskarbek.pl\/index.php?rest_route=%2Fwp%2Fv2%2Fproduct_brand&post=187"},{"taxonomy":"product_cat","embeddable":true,"href":"https:\/\/komisskarbek.pl\/index.php?rest_route=%2Fwp%2Fv2%2Fproduct_cat&post=187"},{"taxonomy":"product_tag","embeddable":true,"href":"https:\/\/komisskarbek.pl\/index.php?rest_route=%2Fwp%2Fv2%2Fproduct_tag&post=187"}],"curies":[{"name":"wp","href":"https:\/\/api.w.org\/{rel}","templated":true}]}}