{"id":160,"date":"2026-02-09T15:18:13","date_gmt":"2026-02-09T14:18:13","guid":{"rendered":"https:\/\/komisskarbek.pl\/?post_type=product&#038;p=160"},"modified":"2026-03-29T19:37:52","modified_gmt":"2026-03-29T17:37:52","slug":"ksiazka-pucio-mowi-pierwsze-slowa","status":"publish","type":"product","link":"https:\/\/komisskarbek.pl\/?product=ksiazka-pucio-mowi-pierwsze-slowa","title":{"rendered":"Ksi\u0105\u017cka &#8211; Pucio m\u00f3wi pierwsze s\u0142owa"},"content":{"rendered":"<p>Jest to ksi\u0105\u017cka logopedyczna wspieraj\u0105ca rozw\u00f3j mowy u dzieci od 1szego roku \u017cycia. Przeznaczona dla ma\u0142ych czytelnik\u00f3w, ich rodzic\u00f3w oraz logoped\u00f3w. Nawi\u0105zuj\u0105c do sytuacji \u017cycia codziennego, wspiera i kszta\u0142tuje rozw\u00f3j mowy dziecka. Ciekawy i prosty tekst z elementami humoru zach\u0119ca do aktywnego \u015bledzenia przyg\u00f3d Pucia i jego rodziny.<\/p>\n","protected":false},"excerpt":{"rendered":"<p>Jest to ksi\u0105\u017cka logopedyczna wspieraj\u0105ca rozw\u00f3j mowy u dzieci od 1szego roku \u017cycia<\/p>\n","protected":false},"featured_media":155,"comment_status":"open","ping_status":"closed","template":"","meta":{"_acf_changed":false},"product_brand":[],"product_cat":[124,109],"product_tag":[],"class_list":{"0":"post-160","1":"product","2":"type-product","3":"status-publish","4":"has-post-thumbnail","6":"product_cat-ksiazki","7":"product_cat-swiat-dziecka","9":"first","10":"instock","11":"shipping-taxable","12":"purchasable","13":"product-type-simple"},"acf":[],"_links":{"self":[{"href":"https:\/\/komisskarbek.pl\/index.php?rest_route=\/wp\/v2\/product\/160","targetHints":{"allow":["GET"]}}],"collection":[{"href":"https:\/\/komisskarbek.pl\/index.php?rest_route=\/wp\/v2\/product"}],"about":[{"href":"https:\/\/komisskarbek.pl\/index.php?rest_route=\/wp\/v2\/types\/product"}],"replies":[{"embeddable":true,"href":"https:\/\/komisskarbek.pl\/index.php?rest_route=%2Fwp%2Fv2%2Fcomments&post=160"}],"wp:featuredmedia":[{"embeddable":true,"href":"https:\/\/komisskarbek.pl\/index.php?rest_route=\/wp\/v2\/media\/155"}],"wp:attachment":[{"href":"https:\/\/komisskarbek.pl\/index.php?rest_route=%2Fwp%2Fv2%2Fmedia&parent=160"}],"wp:term":[{"taxonomy":"product_brand","embeddable":true,"href":"https:\/\/komisskarbek.pl\/index.php?rest_route=%2Fwp%2Fv2%2Fproduct_brand&post=160"},{"taxonomy":"product_cat","embeddable":true,"href":"https:\/\/komisskarbek.pl\/index.php?rest_route=%2Fwp%2Fv2%2Fproduct_cat&post=160"},{"taxonomy":"product_tag","embeddable":true,"href":"https:\/\/komisskarbek.pl\/index.php?rest_route=%2Fwp%2Fv2%2Fproduct_tag&post=160"}],"curies":[{"name":"wp","href":"https:\/\/api.w.org\/{rel}","templated":true}]}}