{"id":156,"date":"2026-02-09T14:59:53","date_gmt":"2026-02-09T13:59:53","guid":{"rendered":"https:\/\/komisskarbek.pl\/?post_type=product&#038;p=156"},"modified":"2026-03-29T19:42:04","modified_gmt":"2026-03-29T17:42:04","slug":"gra-pucio-gdzie-to-polozyc","status":"publish","type":"product","link":"https:\/\/komisskarbek.pl\/?product=gra-pucio-gdzie-to-polozyc","title":{"rendered":"Gra Pucio &#8211; gdzie to po\u0142o\u017cy\u0107?"},"content":{"rendered":"<p>Gra edukacyjna z serii Pucio, rozwijaj\u0105ca wyobra\u017ani\u0119 przestrzenn\u0105 i ucz\u0105ca rozumienia po\u0142o\u017cenia przedmiot\u00f3w wzgl\u0119dem siebie. Wspiera rozw\u00f3j mowy i my\u015blenia. Zawiera 6 plansz, 36 \u017ceton\u00f3w i 5 stoj\u0105cych postaci.<\/p>\n","protected":false},"excerpt":{"rendered":"<p>Gra edukacyjna z serii Pucio<\/p>\n","protected":false},"featured_media":158,"comment_status":"open","ping_status":"closed","template":"","meta":{"_acf_changed":false},"product_brand":[],"product_cat":[109,16],"product_tag":[],"class_list":{"0":"post-156","1":"product","2":"type-product","3":"status-publish","4":"has-post-thumbnail","6":"product_cat-swiat-dziecka","7":"product_cat-zabawki","9":"first","10":"instock","11":"shipping-taxable","12":"purchasable","13":"product-type-simple"},"acf":[],"_links":{"self":[{"href":"https:\/\/komisskarbek.pl\/index.php?rest_route=\/wp\/v2\/product\/156","targetHints":{"allow":["GET"]}}],"collection":[{"href":"https:\/\/komisskarbek.pl\/index.php?rest_route=\/wp\/v2\/product"}],"about":[{"href":"https:\/\/komisskarbek.pl\/index.php?rest_route=\/wp\/v2\/types\/product"}],"replies":[{"embeddable":true,"href":"https:\/\/komisskarbek.pl\/index.php?rest_route=%2Fwp%2Fv2%2Fcomments&post=156"}],"wp:featuredmedia":[{"embeddable":true,"href":"https:\/\/komisskarbek.pl\/index.php?rest_route=\/wp\/v2\/media\/158"}],"wp:attachment":[{"href":"https:\/\/komisskarbek.pl\/index.php?rest_route=%2Fwp%2Fv2%2Fmedia&parent=156"}],"wp:term":[{"taxonomy":"product_brand","embeddable":true,"href":"https:\/\/komisskarbek.pl\/index.php?rest_route=%2Fwp%2Fv2%2Fproduct_brand&post=156"},{"taxonomy":"product_cat","embeddable":true,"href":"https:\/\/komisskarbek.pl\/index.php?rest_route=%2Fwp%2Fv2%2Fproduct_cat&post=156"},{"taxonomy":"product_tag","embeddable":true,"href":"https:\/\/komisskarbek.pl\/index.php?rest_route=%2Fwp%2Fv2%2Fproduct_tag&post=156"}],"curies":[{"name":"wp","href":"https:\/\/api.w.org\/{rel}","templated":true}]}}