{"id":152,"date":"2026-02-09T14:40:07","date_gmt":"2026-02-09T13:40:07","guid":{"rendered":"https:\/\/komisskarbek.pl\/?post_type=product&#038;p=152"},"modified":"2026-03-29T19:43:42","modified_gmt":"2026-03-29T17:43:42","slug":"puzzle-z-serii-czuczu","status":"publish","type":"product","link":"https:\/\/komisskarbek.pl\/?product=puzzle-z-serii-czuczu","title":{"rendered":"Puzzle z serii CzuCzu"},"content":{"rendered":"<p>Puzzle do pary &#8211; zwierz\u0105tka. Najpierw g\u0142\u00f3wka&#8230; a gdzie druga po\u0142\u00f3wka? Nale\u017cy po\u0142\u0105czy\u0107 puzzle w pary \/g\u00f3ra i d\u00f3\u0142 zwierz\u0105tka\/, \u017ceby prawid\u0142owo odgadn\u0105\u0107 nazw\u0119 zwierz\u0105tka.<\/p>\n","protected":false},"excerpt":{"rendered":"<p>Puzzle do pary &#8211; zwierz\u0105tka<\/p>\n","protected":false},"featured_media":153,"comment_status":"open","ping_status":"closed","template":"","meta":{"_acf_changed":false},"product_brand":[],"product_cat":[109,16],"product_tag":[],"class_list":{"0":"post-152","1":"product","2":"type-product","3":"status-publish","4":"has-post-thumbnail","6":"product_cat-swiat-dziecka","7":"product_cat-zabawki","9":"first","10":"instock","11":"shipping-taxable","12":"purchasable","13":"product-type-simple"},"acf":[],"_links":{"self":[{"href":"https:\/\/komisskarbek.pl\/index.php?rest_route=\/wp\/v2\/product\/152","targetHints":{"allow":["GET"]}}],"collection":[{"href":"https:\/\/komisskarbek.pl\/index.php?rest_route=\/wp\/v2\/product"}],"about":[{"href":"https:\/\/komisskarbek.pl\/index.php?rest_route=\/wp\/v2\/types\/product"}],"replies":[{"embeddable":true,"href":"https:\/\/komisskarbek.pl\/index.php?rest_route=%2Fwp%2Fv2%2Fcomments&post=152"}],"wp:featuredmedia":[{"embeddable":true,"href":"https:\/\/komisskarbek.pl\/index.php?rest_route=\/wp\/v2\/media\/153"}],"wp:attachment":[{"href":"https:\/\/komisskarbek.pl\/index.php?rest_route=%2Fwp%2Fv2%2Fmedia&parent=152"}],"wp:term":[{"taxonomy":"product_brand","embeddable":true,"href":"https:\/\/komisskarbek.pl\/index.php?rest_route=%2Fwp%2Fv2%2Fproduct_brand&post=152"},{"taxonomy":"product_cat","embeddable":true,"href":"https:\/\/komisskarbek.pl\/index.php?rest_route=%2Fwp%2Fv2%2Fproduct_cat&post=152"},{"taxonomy":"product_tag","embeddable":true,"href":"https:\/\/komisskarbek.pl\/index.php?rest_route=%2Fwp%2Fv2%2Fproduct_tag&post=152"}],"curies":[{"name":"wp","href":"https:\/\/api.w.org\/{rel}","templated":true}]}}