{"id":151,"date":"2026-02-09T14:32:21","date_gmt":"2026-02-09T13:32:21","guid":{"rendered":"https:\/\/komisskarbek.pl\/?post_type=product&#038;p=151"},"modified":"2026-03-29T22:13:59","modified_gmt":"2026-03-29T20:13:59","slug":"lyzwy-2","status":"publish","type":"product","link":"https:\/\/komisskarbek.pl\/?product=lyzwy-2","title":{"rendered":"\u0141y\u017cwy"},"content":{"rendered":"<p>\u0141y\u017cwy hokejowe marki BAUER, model VAPOR X300. Przedstawiony model przeznaczony dla dzieci rozpoczynaj\u0105cych treningi hokejowe lub do jazdy rekreacyjnej.<\/p>\n","protected":false},"excerpt":{"rendered":"<p>\u0141y\u017cwy hokejowe marki BAUER, model VAPOR X300.<\/p>\n","protected":false},"featured_media":147,"comment_status":"open","ping_status":"closed","template":"","meta":{"_acf_changed":false},"product_brand":[],"product_cat":[94,122,123,108],"product_tag":[],"class_list":{"0":"post-151","1":"product","2":"type-product","3":"status-publish","4":"has-post-thumbnail","6":"product_cat-kobieta-dziewczynka","7":"product_cat-lyzwy-kobieta","8":"product_cat-lyzwy-mezczyzna","9":"product_cat-mezczyzna-chlopiec","10":"pa_kolor-czarny","12":"first","13":"instock","14":"shipping-taxable","15":"purchasable","16":"product-type-simple"},"acf":[],"_links":{"self":[{"href":"https:\/\/komisskarbek.pl\/index.php?rest_route=\/wp\/v2\/product\/151","targetHints":{"allow":["GET"]}}],"collection":[{"href":"https:\/\/komisskarbek.pl\/index.php?rest_route=\/wp\/v2\/product"}],"about":[{"href":"https:\/\/komisskarbek.pl\/index.php?rest_route=\/wp\/v2\/types\/product"}],"replies":[{"embeddable":true,"href":"https:\/\/komisskarbek.pl\/index.php?rest_route=%2Fwp%2Fv2%2Fcomments&post=151"}],"wp:featuredmedia":[{"embeddable":true,"href":"https:\/\/komisskarbek.pl\/index.php?rest_route=\/wp\/v2\/media\/147"}],"wp:attachment":[{"href":"https:\/\/komisskarbek.pl\/index.php?rest_route=%2Fwp%2Fv2%2Fmedia&parent=151"}],"wp:term":[{"taxonomy":"product_brand","embeddable":true,"href":"https:\/\/komisskarbek.pl\/index.php?rest_route=%2Fwp%2Fv2%2Fproduct_brand&post=151"},{"taxonomy":"product_cat","embeddable":true,"href":"https:\/\/komisskarbek.pl\/index.php?rest_route=%2Fwp%2Fv2%2Fproduct_cat&post=151"},{"taxonomy":"product_tag","embeddable":true,"href":"https:\/\/komisskarbek.pl\/index.php?rest_route=%2Fwp%2Fv2%2Fproduct_tag&post=151"}],"curies":[{"name":"wp","href":"https:\/\/api.w.org\/{rel}","templated":true}]}}