{"id":138,"date":"2026-02-05T15:49:43","date_gmt":"2026-02-05T14:49:43","guid":{"rendered":"https:\/\/komisskarbek.pl\/?post_type=product&#038;p=138"},"modified":"2026-03-29T19:43:24","modified_gmt":"2026-03-29T17:43:24","slug":"pucio-pierwsze-zabawy","status":"publish","type":"product","link":"https:\/\/komisskarbek.pl\/?product=pucio-pierwsze-zabawy","title":{"rendered":"Gra Pucio &#8211; pierwsze zabawy"},"content":{"rendered":"<p>Gra edukacyjna z serii PUCIO &#8211; pierwsze zabawy. Zawiera 19 obrazk\u00f3w, 19 kartonik\u00f3w z podpisami, oraz propozycje 6 zabaw z dzie\u0107mi rocznymi i starszymi, skupiaj\u0105c\u0105 si\u0119 na pierwszych zabawach zwi\u0105zanych z d\u017awi\u0119kona\u015bladownictwem.<\/p>\n","protected":false},"excerpt":{"rendered":"<p>Gra edukacyjna z serii PUCIO &#8211; pierwsze zabawy<\/p>\n","protected":false},"featured_media":135,"comment_status":"open","ping_status":"closed","template":"","meta":{"_acf_changed":false},"product_brand":[],"product_cat":[109,16],"product_tag":[],"class_list":{"0":"post-138","1":"product","2":"type-product","3":"status-publish","4":"has-post-thumbnail","6":"product_cat-swiat-dziecka","7":"product_cat-zabawki","9":"first","10":"outofstock","11":"shipping-taxable","12":"purchasable","13":"product-type-simple"},"acf":[],"_links":{"self":[{"href":"https:\/\/komisskarbek.pl\/index.php?rest_route=\/wp\/v2\/product\/138","targetHints":{"allow":["GET"]}}],"collection":[{"href":"https:\/\/komisskarbek.pl\/index.php?rest_route=\/wp\/v2\/product"}],"about":[{"href":"https:\/\/komisskarbek.pl\/index.php?rest_route=\/wp\/v2\/types\/product"}],"replies":[{"embeddable":true,"href":"https:\/\/komisskarbek.pl\/index.php?rest_route=%2Fwp%2Fv2%2Fcomments&post=138"}],"wp:featuredmedia":[{"embeddable":true,"href":"https:\/\/komisskarbek.pl\/index.php?rest_route=\/wp\/v2\/media\/135"}],"wp:attachment":[{"href":"https:\/\/komisskarbek.pl\/index.php?rest_route=%2Fwp%2Fv2%2Fmedia&parent=138"}],"wp:term":[{"taxonomy":"product_brand","embeddable":true,"href":"https:\/\/komisskarbek.pl\/index.php?rest_route=%2Fwp%2Fv2%2Fproduct_brand&post=138"},{"taxonomy":"product_cat","embeddable":true,"href":"https:\/\/komisskarbek.pl\/index.php?rest_route=%2Fwp%2Fv2%2Fproduct_cat&post=138"},{"taxonomy":"product_tag","embeddable":true,"href":"https:\/\/komisskarbek.pl\/index.php?rest_route=%2Fwp%2Fv2%2Fproduct_tag&post=138"}],"curies":[{"name":"wp","href":"https:\/\/api.w.org\/{rel}","templated":true}]}}