{"id":134,"date":"2026-02-05T15:37:37","date_gmt":"2026-02-05T14:37:37","guid":{"rendered":"https:\/\/komisskarbek.pl\/?post_type=product&#038;p=134"},"modified":"2026-03-29T19:43:09","modified_gmt":"2026-03-29T17:43:09","slug":"gra-loteryjka-kolory","status":"publish","type":"product","link":"https:\/\/komisskarbek.pl\/?product=gra-loteryjka-kolory","title":{"rendered":"Gra Loteryjka kolory"},"content":{"rendered":"<p>Pierwsza gra dla najm\u0142odszych dzieci 2+, z serii Kapitan Nauka, znajd\u017a i dopasuj. Pozwala pozna\u0107 kolory, dopasowa\u0107 \u017cetony z przedmiotami do odpowiedniej planszy z grup\u0105 przedmiot\u00f3w.<\/p>\n","protected":false},"excerpt":{"rendered":"<p>Pierwsza gra dla najm\u0142odszych dzieci<\/p>\n","protected":false},"featured_media":131,"comment_status":"open","ping_status":"closed","template":"","meta":{"_acf_changed":false},"product_brand":[],"product_cat":[109,16],"product_tag":[],"class_list":{"0":"post-134","1":"product","2":"type-product","3":"status-publish","4":"has-post-thumbnail","6":"product_cat-swiat-dziecka","7":"product_cat-zabawki","9":"first","10":"instock","11":"shipping-taxable","12":"purchasable","13":"product-type-simple"},"acf":[],"_links":{"self":[{"href":"https:\/\/komisskarbek.pl\/index.php?rest_route=\/wp\/v2\/product\/134","targetHints":{"allow":["GET"]}}],"collection":[{"href":"https:\/\/komisskarbek.pl\/index.php?rest_route=\/wp\/v2\/product"}],"about":[{"href":"https:\/\/komisskarbek.pl\/index.php?rest_route=\/wp\/v2\/types\/product"}],"replies":[{"embeddable":true,"href":"https:\/\/komisskarbek.pl\/index.php?rest_route=%2Fwp%2Fv2%2Fcomments&post=134"}],"wp:featuredmedia":[{"embeddable":true,"href":"https:\/\/komisskarbek.pl\/index.php?rest_route=\/wp\/v2\/media\/131"}],"wp:attachment":[{"href":"https:\/\/komisskarbek.pl\/index.php?rest_route=%2Fwp%2Fv2%2Fmedia&parent=134"}],"wp:term":[{"taxonomy":"product_brand","embeddable":true,"href":"https:\/\/komisskarbek.pl\/index.php?rest_route=%2Fwp%2Fv2%2Fproduct_brand&post=134"},{"taxonomy":"product_cat","embeddable":true,"href":"https:\/\/komisskarbek.pl\/index.php?rest_route=%2Fwp%2Fv2%2Fproduct_cat&post=134"},{"taxonomy":"product_tag","embeddable":true,"href":"https:\/\/komisskarbek.pl\/index.php?rest_route=%2Fwp%2Fv2%2Fproduct_tag&post=134"}],"curies":[{"name":"wp","href":"https:\/\/api.w.org\/{rel}","templated":true}]}}