{"id":119,"date":"2026-02-03T14:49:45","date_gmt":"2026-02-03T13:49:45","guid":{"rendered":"https:\/\/komisskarbek.pl\/?post_type=product&#038;p=119"},"modified":"2026-03-29T19:42:24","modified_gmt":"2026-03-29T17:42:24","slug":"unicorn-skrzydla-opaska","status":"publish","type":"product","link":"https:\/\/komisskarbek.pl\/?product=unicorn-skrzydla-opaska","title":{"rendered":"Unicorn skrzyd\u0142a + opaska"},"content":{"rendered":"<p>Str\u00f3j karnawa\u0142owy jednoro\u017cec, na kt\u00f3ry sk\u0142adaj\u0105 si\u0119 kolorowe skrzyde\u0142ka mocowane na gumce i opaska na w\u0142osy.<\/p>\n","protected":false},"excerpt":{"rendered":"<p>Str\u00f3j karnawa\u0142owy jednoro\u017cec<\/p>\n","protected":false},"featured_media":112,"comment_status":"open","ping_status":"closed","template":"","meta":{"_acf_changed":false},"product_brand":[],"product_cat":[110,109],"product_tag":[],"class_list":{"0":"post-119","1":"product","2":"type-product","3":"status-publish","4":"has-post-thumbnail","6":"product_cat-stroje","7":"product_cat-swiat-dziecka","9":"first","10":"instock","11":"shipping-taxable","12":"purchasable","13":"product-type-simple"},"acf":[],"_links":{"self":[{"href":"https:\/\/komisskarbek.pl\/index.php?rest_route=\/wp\/v2\/product\/119","targetHints":{"allow":["GET"]}}],"collection":[{"href":"https:\/\/komisskarbek.pl\/index.php?rest_route=\/wp\/v2\/product"}],"about":[{"href":"https:\/\/komisskarbek.pl\/index.php?rest_route=\/wp\/v2\/types\/product"}],"replies":[{"embeddable":true,"href":"https:\/\/komisskarbek.pl\/index.php?rest_route=%2Fwp%2Fv2%2Fcomments&post=119"}],"wp:featuredmedia":[{"embeddable":true,"href":"https:\/\/komisskarbek.pl\/index.php?rest_route=\/wp\/v2\/media\/112"}],"wp:attachment":[{"href":"https:\/\/komisskarbek.pl\/index.php?rest_route=%2Fwp%2Fv2%2Fmedia&parent=119"}],"wp:term":[{"taxonomy":"product_brand","embeddable":true,"href":"https:\/\/komisskarbek.pl\/index.php?rest_route=%2Fwp%2Fv2%2Fproduct_brand&post=119"},{"taxonomy":"product_cat","embeddable":true,"href":"https:\/\/komisskarbek.pl\/index.php?rest_route=%2Fwp%2Fv2%2Fproduct_cat&post=119"},{"taxonomy":"product_tag","embeddable":true,"href":"https:\/\/komisskarbek.pl\/index.php?rest_route=%2Fwp%2Fv2%2Fproduct_tag&post=119"}],"curies":[{"name":"wp","href":"https:\/\/api.w.org\/{rel}","templated":true}]}}