{"id":118,"date":"2026-02-03T14:46:51","date_gmt":"2026-02-03T13:46:51","guid":{"rendered":"https:\/\/komisskarbek.pl\/?post_type=product&#038;p=118"},"modified":"2026-03-29T19:41:49","modified_gmt":"2026-03-29T17:41:49","slug":"interaktywna-muzyczna-kolejka-kubus-puchatek","status":"publish","type":"product","link":"https:\/\/komisskarbek.pl\/?product=interaktywna-muzyczna-kolejka-kubus-puchatek","title":{"rendered":"Interaktywna muzyczna kolejka Kubu\u015b Puchatek"},"content":{"rendered":"<p>Muzyczna kolejka z torami, wyprodukowana przez mega Bloks. Poci\u0105g jedzie, wydaje d\u017awi\u0119ki po naci\u015bni\u0119ciu komina, oraz gra r\u00f3\u017cne weso\u0142e melodie bez s\u0142\u00f3w.<\/p>\n","protected":false},"excerpt":{"rendered":"<p>Muzyczna kolejka z torami Kubu\u015b Puchatek<\/p>\n","protected":false},"featured_media":106,"comment_status":"open","ping_status":"closed","template":"","meta":{"_acf_changed":false},"product_brand":[],"product_cat":[109,16],"product_tag":[],"class_list":{"0":"post-118","1":"product","2":"type-product","3":"status-publish","4":"has-post-thumbnail","6":"product_cat-swiat-dziecka","7":"product_cat-zabawki","9":"first","10":"instock","11":"shipping-taxable","12":"purchasable","13":"product-type-simple"},"acf":[],"_links":{"self":[{"href":"https:\/\/komisskarbek.pl\/index.php?rest_route=\/wp\/v2\/product\/118","targetHints":{"allow":["GET"]}}],"collection":[{"href":"https:\/\/komisskarbek.pl\/index.php?rest_route=\/wp\/v2\/product"}],"about":[{"href":"https:\/\/komisskarbek.pl\/index.php?rest_route=\/wp\/v2\/types\/product"}],"replies":[{"embeddable":true,"href":"https:\/\/komisskarbek.pl\/index.php?rest_route=%2Fwp%2Fv2%2Fcomments&post=118"}],"wp:featuredmedia":[{"embeddable":true,"href":"https:\/\/komisskarbek.pl\/index.php?rest_route=\/wp\/v2\/media\/106"}],"wp:attachment":[{"href":"https:\/\/komisskarbek.pl\/index.php?rest_route=%2Fwp%2Fv2%2Fmedia&parent=118"}],"wp:term":[{"taxonomy":"product_brand","embeddable":true,"href":"https:\/\/komisskarbek.pl\/index.php?rest_route=%2Fwp%2Fv2%2Fproduct_brand&post=118"},{"taxonomy":"product_cat","embeddable":true,"href":"https:\/\/komisskarbek.pl\/index.php?rest_route=%2Fwp%2Fv2%2Fproduct_cat&post=118"},{"taxonomy":"product_tag","embeddable":true,"href":"https:\/\/komisskarbek.pl\/index.php?rest_route=%2Fwp%2Fv2%2Fproduct_tag&post=118"}],"curies":[{"name":"wp","href":"https:\/\/api.w.org\/{rel}","templated":true}]}}