{"id":117,"date":"2026-02-03T14:41:12","date_gmt":"2026-02-03T13:41:12","guid":{"rendered":"https:\/\/komisskarbek.pl\/?post_type=product&#038;p=117"},"modified":"2026-03-29T18:17:43","modified_gmt":"2026-03-29T16:17:43","slug":"pluszak-nubs-z-serii-star-wars-young-jedi-adventures","status":"publish","type":"product","link":"https:\/\/komisskarbek.pl\/?product=pluszak-nubs-z-serii-star-wars-young-jedi-adventures","title":{"rendered":"Pluszak Nubs z serii Star Wars Young Jedi Adventures"},"content":{"rendered":"<p>Nubs to niebieska futrzana posta\u0107 z charakterystycznym wygl\u0105dem. Zabawka dost\u0119pna w rozmiarze 24-25 cm. Maskotka jest odpowiednia dla dzieci od pierwszych miesi\u0119cy \u017cycia.<\/p>\n","protected":false},"excerpt":{"rendered":"<p>Maskotka Nubs<\/p>\n","protected":false},"featured_media":107,"comment_status":"open","ping_status":"closed","template":"","meta":{"_acf_changed":false},"product_brand":[],"product_cat":[109,16],"product_tag":[],"class_list":{"0":"post-117","1":"product","2":"type-product","3":"status-publish","4":"has-post-thumbnail","6":"product_cat-swiat-dziecka","7":"product_cat-zabawki","8":"pa_kolor-niebieski","10":"first","11":"instock","12":"shipping-taxable","13":"purchasable","14":"product-type-simple"},"acf":[],"_links":{"self":[{"href":"https:\/\/komisskarbek.pl\/index.php?rest_route=\/wp\/v2\/product\/117","targetHints":{"allow":["GET"]}}],"collection":[{"href":"https:\/\/komisskarbek.pl\/index.php?rest_route=\/wp\/v2\/product"}],"about":[{"href":"https:\/\/komisskarbek.pl\/index.php?rest_route=\/wp\/v2\/types\/product"}],"replies":[{"embeddable":true,"href":"https:\/\/komisskarbek.pl\/index.php?rest_route=%2Fwp%2Fv2%2Fcomments&post=117"}],"wp:featuredmedia":[{"embeddable":true,"href":"https:\/\/komisskarbek.pl\/index.php?rest_route=\/wp\/v2\/media\/107"}],"wp:attachment":[{"href":"https:\/\/komisskarbek.pl\/index.php?rest_route=%2Fwp%2Fv2%2Fmedia&parent=117"}],"wp:term":[{"taxonomy":"product_brand","embeddable":true,"href":"https:\/\/komisskarbek.pl\/index.php?rest_route=%2Fwp%2Fv2%2Fproduct_brand&post=117"},{"taxonomy":"product_cat","embeddable":true,"href":"https:\/\/komisskarbek.pl\/index.php?rest_route=%2Fwp%2Fv2%2Fproduct_cat&post=117"},{"taxonomy":"product_tag","embeddable":true,"href":"https:\/\/komisskarbek.pl\/index.php?rest_route=%2Fwp%2Fv2%2Fproduct_tag&post=117"}],"curies":[{"name":"wp","href":"https:\/\/api.w.org\/{rel}","templated":true}]}}