{"id":115,"date":"2026-02-03T14:27:37","date_gmt":"2026-02-03T13:27:37","guid":{"rendered":"https:\/\/komisskarbek.pl\/?post_type=product&#038;p=115"},"modified":"2026-03-29T19:50:48","modified_gmt":"2026-03-29T17:50:48","slug":"szkatulka-z-szufladami-frozen","status":"publish","type":"product","link":"https:\/\/komisskarbek.pl\/?product=szkatulka-z-szufladami-frozen","title":{"rendered":"Szkatu\u0142ka z szufladami Frozen"},"content":{"rendered":"<p>Szkatu\u0142ka Elsa &amp; Anna do przechowywania bi\u017cuterii lub skarb\u00f3w,\u00a0 z trzema szufladami, tekturowa,<\/p>\n<p>wysoka 15 cm, szeroka 9 cm, g\u0142\u0119boka 7 cm<\/p>\n","protected":false},"excerpt":{"rendered":"<p>Szkatu\u0142ka Elsa &amp; Anna<\/p>\n","protected":false},"featured_media":97,"comment_status":"open","ping_status":"closed","template":"","meta":{"_acf_changed":false},"product_brand":[],"product_cat":[111,109,16],"product_tag":[],"class_list":{"0":"post-115","1":"product","2":"type-product","3":"status-publish","4":"has-post-thumbnail","6":"product_cat-akcesoria-dzieciece-niemowlece","7":"product_cat-swiat-dziecka","8":"product_cat-zabawki","10":"first","11":"instock","12":"sale","13":"shipping-taxable","14":"purchasable","15":"product-type-simple"},"acf":[],"_links":{"self":[{"href":"https:\/\/komisskarbek.pl\/index.php?rest_route=\/wp\/v2\/product\/115","targetHints":{"allow":["GET"]}}],"collection":[{"href":"https:\/\/komisskarbek.pl\/index.php?rest_route=\/wp\/v2\/product"}],"about":[{"href":"https:\/\/komisskarbek.pl\/index.php?rest_route=\/wp\/v2\/types\/product"}],"replies":[{"embeddable":true,"href":"https:\/\/komisskarbek.pl\/index.php?rest_route=%2Fwp%2Fv2%2Fcomments&post=115"}],"wp:featuredmedia":[{"embeddable":true,"href":"https:\/\/komisskarbek.pl\/index.php?rest_route=\/wp\/v2\/media\/97"}],"wp:attachment":[{"href":"https:\/\/komisskarbek.pl\/index.php?rest_route=%2Fwp%2Fv2%2Fmedia&parent=115"}],"wp:term":[{"taxonomy":"product_brand","embeddable":true,"href":"https:\/\/komisskarbek.pl\/index.php?rest_route=%2Fwp%2Fv2%2Fproduct_brand&post=115"},{"taxonomy":"product_cat","embeddable":true,"href":"https:\/\/komisskarbek.pl\/index.php?rest_route=%2Fwp%2Fv2%2Fproduct_cat&post=115"},{"taxonomy":"product_tag","embeddable":true,"href":"https:\/\/komisskarbek.pl\/index.php?rest_route=%2Fwp%2Fv2%2Fproduct_tag&post=115"}],"curies":[{"name":"wp","href":"https:\/\/api.w.org\/{rel}","templated":true}]}}